{"id":989275,"date":"2024-01-24T18:51:43","date_gmt":"2024-01-24T18:51:43","guid":{"rendered":"https:\/\/radyoseymen.com.tr\/?page_id=989275"},"modified":"2024-01-24T18:58:28","modified_gmt":"2024-01-24T18:58:28","slug":"sozlesmeler","status":"publish","type":"page","link":"https:\/\/radyoseymen.com.tr\/index.php\/sozlesmeler\/","title":{"rendered":"S\u00f6zle\u015fmeler"},"content":{"rendered":"\t\t<div data-elementor-type=\"wp-page\" data-elementor-id=\"989275\" class=\"elementor elementor-989275\" data-elementor-post-type=\"page\">\n\t\t\t\t\t\t<section class=\"elementor-section elementor-top-section elementor-element elementor-element-0d2326f elementor-section-boxed elementor-section-height-default elementor-section-height-default\" data-id=\"0d2326f\" data-element_type=\"section\" data-e-type=\"section\" data-settings=\"{&quot;background_background&quot;:&quot;classic&quot;}\">\n\t\t\t\t\t\t<div class=\"elementor-container elementor-column-gap-no\">\n\t\t\t\t\t<div class=\"elementor-column elementor-col-50 elementor-top-column elementor-element elementor-element-24a70d8\" data-id=\"24a70d8\" data-element_type=\"column\" data-e-type=\"column\">\n\t\t\t<div class=\"elementor-widget-wrap elementor-element-populated\">\n\t\t\t\t\t\t<div class=\"elementor-element elementor-element-a220891 elementor-widget__width-initial elementor-invisible elementor-widget elementor-widget-heading\" data-id=\"a220891\" data-element_type=\"widget\" data-e-type=\"widget\" data-settings=\"{&quot;_animation&quot;:&quot;fadeIn&quot;,&quot;_animation_tablet&quot;:&quot;none&quot;,&quot;_animation_delay&quot;:300}\" data-widget_type=\"heading.default\">\n\t\t\t\t<div class=\"elementor-widget-container\">\n\t\t\t\t\t<p class=\"elementor-heading-title elementor-size-default\">Hareketli oyun havalar\u0131 ve Ankara havas\u0131 m\u00fczikleri ile \u00fcnl\u00fc bir radyo olan <b>Radyo Seymen<\/b>, 2010 y\u0131l\u0131nda \u0130stanbul merkezli olarak kurulmu\u015f ve yay\u0131n hayat\u0131na ba\u015flam\u0131\u015ft\u0131r. <\/p>\t\t\t\t<\/div>\n\t\t\t\t<\/div>\n\t\t\t\t<div class=\"vamtam-has-theme-widget-styles elementor-element elementor-element-28f8bc3 elementor-align-left elementor-mobile-align-left elementor-tablet-align-left elementor-invisible elementor-widget elementor-widget-button\" data-id=\"28f8bc3\" data-element_type=\"widget\" data-e-type=\"widget\" data-settings=\"{&quot;_animation&quot;:&quot;fadeIn&quot;,&quot;_animation_delay&quot;:300}\" data-widget_type=\"button.default\">\n\t\t\t\t<div class=\"elementor-widget-container\">\n\t\t\t\t\t\t\t\t\t<div class=\"elementor-button-wrapper\">\n\t\t\t\t\t<a class=\"elementor-button elementor-button-link elementor-size-sm elementor-animation-shrink\" href=\"https:\/\/radyoseymen.com.tr\/index.php\/canli-dinle\/\">\n\t\t\t\t\t\t<span class=\"elementor-button-content-wrapper\">\n\t\t\t\t\t\t<span class=\"elementor-button-icon\">\n\t\t\t\t<i aria-hidden=\"true\" class=\"fas fa-play\"><\/i>\t\t\t<\/span>\n\t\t\t\t\t\t\t\t\t<span class=\"elementor-button-text\">CANLI D\u0130NLE<\/span>\n\t\t\t\t\t<\/span>\n\t\t\t\t\t<\/a>\n\t\t\t\t<\/div>\n\t\t\t\t\t\t\t\t<\/div>\n\t\t\t\t<\/div>\n\t\t\t\t\t<\/div>\n\t\t<\/div>\n\t\t\t\t<div class=\"elementor-column elementor-col-50 elementor-top-column elementor-element elementor-element-01707ec\" data-id=\"01707ec\" data-element_type=\"column\" data-e-type=\"column\">\n\t\t\t<div class=\"elementor-widget-wrap elementor-element-populated\">\n\t\t\t\t\t\t<div class=\"elementor-element elementor-element-599dfb7 elementor-widget-mobile__width-inherit elementor-invisible elementor-widget elementor-widget-global elementor-global-5352 elementor-widget-image\" data-id=\"599dfb7\" data-element_type=\"widget\" data-e-type=\"widget\" data-settings=\"{&quot;_animation&quot;:&quot;fadeIn&quot;,&quot;_animation_delay&quot;:400}\" data-widget_type=\"image.default\">\n\t\t\t\t<div class=\"elementor-widget-container\">\n\t\t\t\t\t\t\t\t\t\t\t\t\t\t\t<img fetchpriority=\"high\" decoding=\"async\" width=\"1024\" height=\"585\" src=\"https:\/\/radyoseymen.com.tr\/wp-content\/uploads\/2024\/01\/Radyo-Seymen-3523a-1024x585.jpg\" class=\"attachment-large size-large wp-image-989257\" alt=\"Radyo Seymen\" srcset=\"https:\/\/radyoseymen.com.tr\/wp-content\/uploads\/2024\/01\/Radyo-Seymen-3523a-1024x585.jpg 1024w, https:\/\/radyoseymen.com.tr\/wp-content\/uploads\/2024\/01\/Radyo-Seymen-3523a-300x171.jpg 300w, https:\/\/radyoseymen.com.tr\/wp-content\/uploads\/2024\/01\/Radyo-Seymen-3523a-768x439.jpg 768w, https:\/\/radyoseymen.com.tr\/wp-content\/uploads\/2024\/01\/Radyo-Seymen-3523a.jpg 1400w\" sizes=\"(max-width: 1024px) 100vw, 1024px\" \/>\t\t\t\t\t\t\t\t\t\t\t\t\t\t\t<\/div>\n\t\t\t\t<\/div>\n\t\t\t\t\t<\/div>\n\t\t<\/div>\n\t\t\t\t\t<\/div>\n\t\t<\/section>\n\t\t\t\t<section class=\"elementor-section elementor-top-section elementor-element elementor-element-2edf404 elementor-section-boxed elementor-section-height-default elementor-section-height-default\" data-id=\"2edf404\" data-element_type=\"section\" data-e-type=\"section\">\n\t\t\t\t\t\t<div class=\"elementor-container elementor-column-gap-no\">\n\t\t\t\t\t<div class=\"elementor-column elementor-col-100 elementor-top-column elementor-element elementor-element-70403fb\" data-id=\"70403fb\" data-element_type=\"column\" data-e-type=\"column\">\n\t\t\t<div class=\"elementor-widget-wrap elementor-element-populated\">\n\t\t\t\t\t\t<div class=\"elementor-element elementor-element-69ec8e6 elementor-widget elementor-widget-global elementor-global-3575 elementor-widget-spacer\" data-id=\"69ec8e6\" data-element_type=\"widget\" data-e-type=\"widget\" data-widget_type=\"spacer.default\">\n\t\t\t\t<div class=\"elementor-widget-container\">\n\t\t\t\t\t\t\t<div class=\"elementor-spacer\">\n\t\t\t<div class=\"elementor-spacer-inner\"><\/div>\n\t\t<\/div>\n\t\t\t\t\t\t<\/div>\n\t\t\t\t<\/div>\n\t\t\t\t\t<\/div>\n\t\t<\/div>\n\t\t\t\t\t<\/div>\n\t\t<\/section>\n\t\t\t\t<section class=\"elementor-section elementor-top-section elementor-element elementor-element-0beb947 elementor-section-boxed elementor-section-height-default elementor-section-height-default elementor-invisible\" data-id=\"0beb947\" data-element_type=\"section\" data-e-type=\"section\" data-settings=\"{&quot;animation&quot;:&quot;fadeInUp&quot;,&quot;animation_delay&quot;:300}\">\n\t\t\t\t\t\t<div class=\"elementor-container elementor-column-gap-no\">\n\t\t\t\t\t<div class=\"elementor-column elementor-col-100 elementor-top-column elementor-element elementor-element-fc77295\" data-id=\"fc77295\" data-element_type=\"column\" data-e-type=\"column\">\n\t\t\t<div class=\"elementor-widget-wrap elementor-element-populated\">\n\t\t\t\t\t\t<div class=\"elementor-element elementor-element-c7be821 elementor-widget__width-initial elementor-widget elementor-widget-heading\" data-id=\"c7be821\" data-element_type=\"widget\" data-e-type=\"widget\" data-widget_type=\"heading.default\">\n\t\t\t\t<div class=\"elementor-widget-container\">\n\t\t\t\t\t<h2 class=\"elementor-heading-title elementor-size-default\">Gizlilik ve Kullan\u0131m S\u00f6zle\u015fmesi<\/h2>\t\t\t\t<\/div>\n\t\t\t\t<\/div>\n\t\t\t\t<div class=\"elementor-element elementor-element-532b034 elementor-widget__width-initial elementor-widget elementor-widget-text-editor\" data-id=\"532b034\" data-element_type=\"widget\" data-e-type=\"widget\" data-widget_type=\"text-editor.default\">\n\t\t\t\t<div class=\"elementor-widget-container\">\n\t\t\t\t\t\t\t\t\t<p><strong>1. Giri\u015f<\/strong> Bu Gizlilik ve Kullan\u0131m S\u00f6zle\u015fmesi, Radyo Seymen&#8217;in web sitesi <a href=\"http:\/\/www.radyoseymen.com.tr\" target=\"_new\">www.radyoseymen.com.tr<\/a> kullan\u0131c\u0131lar\u0131na ait bilgilerin nas\u0131l topland\u0131\u011f\u0131n\u0131, kullan\u0131ld\u0131\u011f\u0131n\u0131 ve korundu\u011funu a\u00e7\u0131klar. Web sitemizi kullanarak, bu s\u00f6zle\u015fmede belirtilen \u015fartlar\u0131 kabul etmi\u015f say\u0131l\u0131rs\u0131n\u0131z.<\/p><p><strong>2. Toplanan Bilgiler<\/strong> Web sitemiz, kullan\u0131c\u0131lar\u0131m\u0131z\u0131n deneyimini iyile\u015ftirmek amac\u0131yla baz\u0131 ki\u015fisel bilgiler toplar. Bu bilgiler, kullan\u0131c\u0131lar\u0131m\u0131z\u0131n web sitemize kaydolurken verdi\u011fi isim, e-posta adresi gibi ileti\u015fim bilgilerini i\u00e7erebilir.<\/p><p><strong>3. Bilgilerin Kullan\u0131m\u0131<\/strong> Toplanan bilgiler, kullan\u0131c\u0131 deneyimini ki\u015fiselle\u015ftirmek, web sitemizi iyile\u015ftirmek ve kullan\u0131c\u0131lar\u0131m\u0131za y\u00f6nelik pazarlama ve ileti\u015fim faaliyetlerinde bulunmak i\u00e7in kullan\u0131labilir.<\/p><p><strong>4. \u00c7erez Politikas\u0131<\/strong> Web sitemiz, kullan\u0131c\u0131 deneyimini iyile\u015ftirmek i\u00e7in \u00e7erezler kullanabilir. Kullan\u0131c\u0131lar, taray\u0131c\u0131 ayarlar\u0131 \u00fczerinden \u00e7erez tercihlerini y\u00f6netebilirler.<\/p><p><strong>5. Veri Payla\u015f\u0131m\u0131<\/strong> Kullan\u0131c\u0131 bilgileri, yasal zorunluluklar d\u0131\u015f\u0131nda \u00fc\u00e7\u00fcnc\u00fc taraflarla payla\u015f\u0131lmaz.<\/p><p><strong>6. G\u00fcvenlik<\/strong> Kullan\u0131c\u0131 bilgilerinin g\u00fcvenli\u011fini sa\u011flamak i\u00e7in uygun g\u00fcvenlik \u00f6nlemleri al\u0131nm\u0131\u015ft\u0131r, ancak internet \u00fczerindeki veri aktar\u0131m\u0131n\u0131n tamamen g\u00fcvenli olmad\u0131\u011f\u0131n\u0131 hat\u0131rlat\u0131r\u0131z.<\/p><p><strong>7. S\u00f6zle\u015fme De\u011fi\u015fiklikleri<\/strong> Bu gizlilik ve kullan\u0131m s\u00f6zle\u015fmesi, gerekti\u011finde g\u00fcncellenebilir. Web sitemizi kullanmaya devam etmeniz, bu de\u011fi\u015fiklikleri kabul etti\u011finiz anlam\u0131na gelir.<\/p>\t\t\t\t\t\t\t\t<\/div>\n\t\t\t\t<\/div>\n\t\t\t\t<div class=\"elementor-element elementor-element-c197993 elementor-widget elementor-widget-spacer\" data-id=\"c197993\" data-element_type=\"widget\" data-e-type=\"widget\" data-widget_type=\"spacer.default\">\n\t\t\t\t<div class=\"elementor-widget-container\">\n\t\t\t\t\t\t\t<div class=\"elementor-spacer\">\n\t\t\t<div class=\"elementor-spacer-inner\"><\/div>\n\t\t<\/div>\n\t\t\t\t\t\t<\/div>\n\t\t\t\t<\/div>\n\t\t\t\t\t<\/div>\n\t\t<\/div>\n\t\t\t\t\t<\/div>\n\t\t<\/section>\n\t\t\t\t<section class=\"elementor-section elementor-top-section elementor-element elementor-element-f7bc724 elementor-section-boxed elementor-section-height-default elementor-section-height-default\" data-id=\"f7bc724\" data-element_type=\"section\" data-e-type=\"section\">\n\t\t\t\t\t\t<div class=\"elementor-container elementor-column-gap-no\">\n\t\t\t\t\t<div class=\"elementor-column elementor-col-100 elementor-top-column elementor-element elementor-element-b50eac8\" data-id=\"b50eac8\" data-element_type=\"column\" data-e-type=\"column\">\n\t\t\t<div class=\"elementor-widget-wrap elementor-element-populated\">\n\t\t\t\t\t\t<div class=\"elementor-element elementor-element-73e9e46 elementor-widget elementor-widget-global elementor-global-3575 elementor-widget-spacer\" data-id=\"73e9e46\" data-element_type=\"widget\" data-e-type=\"widget\" data-widget_type=\"spacer.default\">\n\t\t\t\t<div class=\"elementor-widget-container\">\n\t\t\t\t\t\t\t<div class=\"elementor-spacer\">\n\t\t\t<div class=\"elementor-spacer-inner\"><\/div>\n\t\t<\/div>\n\t\t\t\t\t\t<\/div>\n\t\t\t\t<\/div>\n\t\t\t\t\t<\/div>\n\t\t<\/div>\n\t\t\t\t\t<\/div>\n\t\t<\/section>\n\t\t<div class=\"elementor-element elementor-element-73f910a2 e-flex e-con-boxed e-con e-parent\" data-id=\"73f910a2\" data-element_type=\"container\" data-e-type=\"container\" data-settings=\"{&quot;position&quot;:&quot;fixed&quot;}\">\n\t\t\t\t\t<div class=\"e-con-inner\">\n\t\t\t\t<div class=\"elementor-element elementor-element-16aa505e elementor-fixed elementor-widget elementor-widget-elementskit-back-to-top\" data-id=\"16aa505e\" data-element_type=\"widget\" data-e-type=\"widget\" data-settings=\"{&quot;_position&quot;:&quot;fixed&quot;}\" data-widget_type=\"elementskit-back-to-top.default\">\n\t\t\t\t<div class=\"elementor-widget-container\">\n\t\t\t\t\t<div class=\"ekit-wid-con\" >\t\t\t<div class=\"ekit-back-to-top-container ekit-btt progress_indicator\" data-settings=\"{&quot;offset_top&quot;:0,&quot;show_after&quot;:400,&quot;show_scroll&quot;:&quot;yes&quot;,&quot;style&quot;:&quot;progress_indicator&quot;,&quot;foreground&quot;:&quot;#FF5050&quot;,&quot;background&quot;:&quot;#eee&quot;}\"> \n\t\t\t\t<span class=\"ekit-btt__button yes\">\n\t\t\t\t\t\t\t\t\t\t\t\t<div class=\"progress_indicator\" >\n\t\t\t\t\t\t\t\t<canvas id=\"canvas-16aa505e\" class=\"canvas\" data-canvas=\"16aa505e\"><\/canvas>\n\t\t\t\t\t\t\t\t<span><i aria-hidden=\"true\" class=\"icon icon-up-arrow1\"><\/i><\/span>\n\t\t\t\t\t\t\t<\/div>\n\t\t\t\t\t\t\t\t\t\t\t<\/span>\n\t\t\t<\/div>\n\t\t<\/div>\t\t\t\t<\/div>\n\t\t\t\t<\/div>\n\t\t\t\t\t<\/div>\n\t\t\t\t<\/div>\n\t\t\t\t<\/div>\n\t\t","protected":false},"excerpt":{"rendered":"<p>Radyo Seymen, 2010 y\u0131l\u0131nda \u0130stanbul merkezinde kuruldu ve T\u00fcrkiye&#8217;nin d\u00f6rt bir yan\u0131na yay\u0131n yapmaya ba\u015flad\u0131. Hareketli oyun havalar\u0131 ve Ankara havas\u0131 m\u00fczikleriyle \u00f6ne \u00e7\u0131kan Radyo Seymen, k\u0131sa s\u00fcrede geni\u015f bir dinleyici kitlesine ula\u015ft\u0131. \u0130stanbul 107.0, \u0130zmir 93.0 ve Ankara 103.8 frekanslar\u0131 \u00fczerinden ulusal yay\u0131n yaparak, m\u00fczi\u011fin co\u015fkusunu T\u00fcrkiye&#8217;nin her k\u00f6\u015fesine ta\u015f\u0131yoruz.<\/p>\n","protected":false},"author":1,"featured_media":989257,"parent":0,"menu_order":0,"comment_status":"closed","ping_status":"closed","template":"","meta":{"footnotes":""},"class_list":["post-989275","page","type-page","status-publish","has-post-thumbnail","hentry"],"yoast_head":"<!-- This site is optimized with the Yoast SEO plugin v27.5 - https:\/\/yoast.com\/product\/yoast-seo-wordpress\/ -->\n<title>S\u00f6zle\u015fmeler &#8211; Radyo Seymen<\/title>\n<meta name=\"robots\" content=\"index, follow, max-snippet:-1, max-image-preview:large, max-video-preview:-1\" \/>\n<link rel=\"canonical\" href=\"https:\/\/radyoseymen.com.tr\/index.php\/sozlesmeler\/\" \/>\n<meta property=\"og:locale\" content=\"tr_TR\" \/>\n<meta property=\"og:type\" content=\"article\" \/>\n<meta property=\"og:title\" content=\"S\u00f6zle\u015fmeler &#8211; Radyo Seymen\" \/>\n<meta property=\"og:description\" content=\"Radyo Seymen, 2010 y\u0131l\u0131nda \u0130stanbul merkezinde kuruldu ve T\u00fcrkiye&#039;nin d\u00f6rt bir yan\u0131na yay\u0131n yapmaya ba\u015flad\u0131. Hareketli oyun havalar\u0131 ve Ankara havas\u0131 m\u00fczikleriyle \u00f6ne \u00e7\u0131kan Radyo Seymen, k\u0131sa s\u00fcrede geni\u015f bir dinleyici kitlesine ula\u015ft\u0131. \u0130stanbul 107.0, \u0130zmir 93.0 ve Ankara 103.8 frekanslar\u0131 \u00fczerinden ulusal yay\u0131n yaparak, m\u00fczi\u011fin co\u015fkusunu T\u00fcrkiye&#039;nin her k\u00f6\u015fesine ta\u015f\u0131yoruz.\" \/>\n<meta property=\"og:url\" content=\"https:\/\/radyoseymen.com.tr\/index.php\/sozlesmeler\/\" \/>\n<meta property=\"og:site_name\" content=\"Radyo Seymen\" \/>\n<meta property=\"article:publisher\" content=\"https:\/\/www.facebook.com\/radyoseymenresmi\/\" \/>\n<meta property=\"article:modified_time\" content=\"2024-01-24T18:58:28+00:00\" \/>\n<meta property=\"og:image\" content=\"https:\/\/radyoseymen.com.tr\/wp-content\/uploads\/2024\/01\/Radyo-Seymen-3523a.jpg\" \/>\n\t<meta property=\"og:image:width\" content=\"1400\" \/>\n\t<meta property=\"og:image:height\" content=\"800\" \/>\n\t<meta property=\"og:image:type\" content=\"image\/jpeg\" \/>\n<meta name=\"twitter:card\" content=\"summary_large_image\" \/>\n<meta name=\"twitter:label1\" content=\"Tahmini okuma s\u00fcresi\" \/>\n\t<meta name=\"twitter:data1\" content=\"1 dakika\" \/>\n<script type=\"application\/ld+json\" class=\"yoast-schema-graph\">{\"@context\":\"https:\\\/\\\/schema.org\",\"@graph\":[{\"@type\":\"WebPage\",\"@id\":\"https:\\\/\\\/radyoseymen.com.tr\\\/index.php\\\/sozlesmeler\\\/\",\"url\":\"https:\\\/\\\/radyoseymen.com.tr\\\/index.php\\\/sozlesmeler\\\/\",\"name\":\"S\u00f6zle\u015fmeler &#8211; Radyo Seymen\",\"isPartOf\":{\"@id\":\"https:\\\/\\\/radyoseymen.com.tr\\\/#website\"},\"primaryImageOfPage\":{\"@id\":\"https:\\\/\\\/radyoseymen.com.tr\\\/index.php\\\/sozlesmeler\\\/#primaryimage\"},\"image\":{\"@id\":\"https:\\\/\\\/radyoseymen.com.tr\\\/index.php\\\/sozlesmeler\\\/#primaryimage\"},\"thumbnailUrl\":\"https:\\\/\\\/radyoseymen.com.tr\\\/wp-content\\\/uploads\\\/2024\\\/01\\\/Radyo-Seymen-3523a.jpg\",\"datePublished\":\"2024-01-24T18:51:43+00:00\",\"dateModified\":\"2024-01-24T18:58:28+00:00\",\"breadcrumb\":{\"@id\":\"https:\\\/\\\/radyoseymen.com.tr\\\/index.php\\\/sozlesmeler\\\/#breadcrumb\"},\"inLanguage\":\"tr\",\"potentialAction\":[{\"@type\":\"ReadAction\",\"target\":[\"https:\\\/\\\/radyoseymen.com.tr\\\/index.php\\\/sozlesmeler\\\/\"]}]},{\"@type\":\"ImageObject\",\"inLanguage\":\"tr\",\"@id\":\"https:\\\/\\\/radyoseymen.com.tr\\\/index.php\\\/sozlesmeler\\\/#primaryimage\",\"url\":\"https:\\\/\\\/radyoseymen.com.tr\\\/wp-content\\\/uploads\\\/2024\\\/01\\\/Radyo-Seymen-3523a.jpg\",\"contentUrl\":\"https:\\\/\\\/radyoseymen.com.tr\\\/wp-content\\\/uploads\\\/2024\\\/01\\\/Radyo-Seymen-3523a.jpg\",\"width\":1400,\"height\":800,\"caption\":\"Radyo Seymen\"},{\"@type\":\"BreadcrumbList\",\"@id\":\"https:\\\/\\\/radyoseymen.com.tr\\\/index.php\\\/sozlesmeler\\\/#breadcrumb\",\"itemListElement\":[{\"@type\":\"ListItem\",\"position\":1,\"name\":\"Anasayfa\",\"item\":\"https:\\\/\\\/radyoseymen.com.tr\\\/\"},{\"@type\":\"ListItem\",\"position\":2,\"name\":\"S\u00f6zle\u015fmeler\"}]},{\"@type\":\"WebSite\",\"@id\":\"https:\\\/\\\/radyoseymen.com.tr\\\/#website\",\"url\":\"https:\\\/\\\/radyoseymen.com.tr\\\/\",\"name\":\"Radyo Seymen\",\"description\":\"T\u00fcrkiye&#039;yi Oynatan Radyo\",\"publisher\":{\"@id\":\"https:\\\/\\\/radyoseymen.com.tr\\\/#organization\"},\"potentialAction\":[{\"@type\":\"SearchAction\",\"target\":{\"@type\":\"EntryPoint\",\"urlTemplate\":\"https:\\\/\\\/radyoseymen.com.tr\\\/?s={search_term_string}\"},\"query-input\":{\"@type\":\"PropertyValueSpecification\",\"valueRequired\":true,\"valueName\":\"search_term_string\"}}],\"inLanguage\":\"tr\"},{\"@type\":\"Organization\",\"@id\":\"https:\\\/\\\/radyoseymen.com.tr\\\/#organization\",\"name\":\"Radyo Seymen\",\"url\":\"https:\\\/\\\/radyoseymen.com.tr\\\/\",\"logo\":{\"@type\":\"ImageObject\",\"inLanguage\":\"tr\",\"@id\":\"https:\\\/\\\/radyoseymen.com.tr\\\/#\\\/schema\\\/logo\\\/image\\\/\",\"url\":\"https:\\\/\\\/radyoseymen.com.tr\\\/wp-content\\\/uploads\\\/2023\\\/04\\\/radyo-seymen-logo1.png\",\"contentUrl\":\"https:\\\/\\\/radyoseymen.com.tr\\\/wp-content\\\/uploads\\\/2023\\\/04\\\/radyo-seymen-logo1.png\",\"width\":800,\"height\":386,\"caption\":\"Radyo Seymen\"},\"image\":{\"@id\":\"https:\\\/\\\/radyoseymen.com.tr\\\/#\\\/schema\\\/logo\\\/image\\\/\"},\"sameAs\":[\"https:\\\/\\\/www.facebook.com\\\/radyoseymenresmi\\\/\",\"https:\\\/\\\/www.instagram.com\\\/radyoseymenresmi\"]}]}<\/script>\n<!-- \/ Yoast SEO plugin. -->","yoast_head_json":{"title":"S\u00f6zle\u015fmeler &#8211; Radyo Seymen","robots":{"index":"index","follow":"follow","max-snippet":"max-snippet:-1","max-image-preview":"max-image-preview:large","max-video-preview":"max-video-preview:-1"},"canonical":"https:\/\/radyoseymen.com.tr\/index.php\/sozlesmeler\/","og_locale":"tr_TR","og_type":"article","og_title":"S\u00f6zle\u015fmeler &#8211; Radyo Seymen","og_description":"Radyo Seymen, 2010 y\u0131l\u0131nda \u0130stanbul merkezinde kuruldu ve T\u00fcrkiye'nin d\u00f6rt bir yan\u0131na yay\u0131n yapmaya ba\u015flad\u0131. Hareketli oyun havalar\u0131 ve Ankara havas\u0131 m\u00fczikleriyle \u00f6ne \u00e7\u0131kan Radyo Seymen, k\u0131sa s\u00fcrede geni\u015f bir dinleyici kitlesine ula\u015ft\u0131. \u0130stanbul 107.0, \u0130zmir 93.0 ve Ankara 103.8 frekanslar\u0131 \u00fczerinden ulusal yay\u0131n yaparak, m\u00fczi\u011fin co\u015fkusunu T\u00fcrkiye'nin her k\u00f6\u015fesine ta\u015f\u0131yoruz.","og_url":"https:\/\/radyoseymen.com.tr\/index.php\/sozlesmeler\/","og_site_name":"Radyo Seymen","article_publisher":"https:\/\/www.facebook.com\/radyoseymenresmi\/","article_modified_time":"2024-01-24T18:58:28+00:00","og_image":[{"width":1400,"height":800,"url":"https:\/\/radyoseymen.com.tr\/wp-content\/uploads\/2024\/01\/Radyo-Seymen-3523a.jpg","type":"image\/jpeg"}],"twitter_card":"summary_large_image","twitter_misc":{"Tahmini okuma s\u00fcresi":"1 dakika"},"schema":{"@context":"https:\/\/schema.org","@graph":[{"@type":"WebPage","@id":"https:\/\/radyoseymen.com.tr\/index.php\/sozlesmeler\/","url":"https:\/\/radyoseymen.com.tr\/index.php\/sozlesmeler\/","name":"S\u00f6zle\u015fmeler &#8211; Radyo Seymen","isPartOf":{"@id":"https:\/\/radyoseymen.com.tr\/#website"},"primaryImageOfPage":{"@id":"https:\/\/radyoseymen.com.tr\/index.php\/sozlesmeler\/#primaryimage"},"image":{"@id":"https:\/\/radyoseymen.com.tr\/index.php\/sozlesmeler\/#primaryimage"},"thumbnailUrl":"https:\/\/radyoseymen.com.tr\/wp-content\/uploads\/2024\/01\/Radyo-Seymen-3523a.jpg","datePublished":"2024-01-24T18:51:43+00:00","dateModified":"2024-01-24T18:58:28+00:00","breadcrumb":{"@id":"https:\/\/radyoseymen.com.tr\/index.php\/sozlesmeler\/#breadcrumb"},"inLanguage":"tr","potentialAction":[{"@type":"ReadAction","target":["https:\/\/radyoseymen.com.tr\/index.php\/sozlesmeler\/"]}]},{"@type":"ImageObject","inLanguage":"tr","@id":"https:\/\/radyoseymen.com.tr\/index.php\/sozlesmeler\/#primaryimage","url":"https:\/\/radyoseymen.com.tr\/wp-content\/uploads\/2024\/01\/Radyo-Seymen-3523a.jpg","contentUrl":"https:\/\/radyoseymen.com.tr\/wp-content\/uploads\/2024\/01\/Radyo-Seymen-3523a.jpg","width":1400,"height":800,"caption":"Radyo Seymen"},{"@type":"BreadcrumbList","@id":"https:\/\/radyoseymen.com.tr\/index.php\/sozlesmeler\/#breadcrumb","itemListElement":[{"@type":"ListItem","position":1,"name":"Anasayfa","item":"https:\/\/radyoseymen.com.tr\/"},{"@type":"ListItem","position":2,"name":"S\u00f6zle\u015fmeler"}]},{"@type":"WebSite","@id":"https:\/\/radyoseymen.com.tr\/#website","url":"https:\/\/radyoseymen.com.tr\/","name":"Radyo Seymen","description":"T\u00fcrkiye&#039;yi Oynatan Radyo","publisher":{"@id":"https:\/\/radyoseymen.com.tr\/#organization"},"potentialAction":[{"@type":"SearchAction","target":{"@type":"EntryPoint","urlTemplate":"https:\/\/radyoseymen.com.tr\/?s={search_term_string}"},"query-input":{"@type":"PropertyValueSpecification","valueRequired":true,"valueName":"search_term_string"}}],"inLanguage":"tr"},{"@type":"Organization","@id":"https:\/\/radyoseymen.com.tr\/#organization","name":"Radyo Seymen","url":"https:\/\/radyoseymen.com.tr\/","logo":{"@type":"ImageObject","inLanguage":"tr","@id":"https:\/\/radyoseymen.com.tr\/#\/schema\/logo\/image\/","url":"https:\/\/radyoseymen.com.tr\/wp-content\/uploads\/2023\/04\/radyo-seymen-logo1.png","contentUrl":"https:\/\/radyoseymen.com.tr\/wp-content\/uploads\/2023\/04\/radyo-seymen-logo1.png","width":800,"height":386,"caption":"Radyo Seymen"},"image":{"@id":"https:\/\/radyoseymen.com.tr\/#\/schema\/logo\/image\/"},"sameAs":["https:\/\/www.facebook.com\/radyoseymenresmi\/","https:\/\/www.instagram.com\/radyoseymenresmi"]}]}},"_links":{"self":[{"href":"https:\/\/radyoseymen.com.tr\/index.php\/wp-json\/wp\/v2\/pages\/989275","targetHints":{"allow":["GET"]}}],"collection":[{"href":"https:\/\/radyoseymen.com.tr\/index.php\/wp-json\/wp\/v2\/pages"}],"about":[{"href":"https:\/\/radyoseymen.com.tr\/index.php\/wp-json\/wp\/v2\/types\/page"}],"author":[{"embeddable":true,"href":"https:\/\/radyoseymen.com.tr\/index.php\/wp-json\/wp\/v2\/users\/1"}],"replies":[{"embeddable":true,"href":"https:\/\/radyoseymen.com.tr\/index.php\/wp-json\/wp\/v2\/comments?post=989275"}],"version-history":[{"count":4,"href":"https:\/\/radyoseymen.com.tr\/index.php\/wp-json\/wp\/v2\/pages\/989275\/revisions"}],"predecessor-version":[{"id":989279,"href":"https:\/\/radyoseymen.com.tr\/index.php\/wp-json\/wp\/v2\/pages\/989275\/revisions\/989279"}],"wp:featuredmedia":[{"embeddable":true,"href":"https:\/\/radyoseymen.com.tr\/index.php\/wp-json\/wp\/v2\/media\/989257"}],"wp:attachment":[{"href":"https:\/\/radyoseymen.com.tr\/index.php\/wp-json\/wp\/v2\/media?parent=989275"}],"curies":[{"name":"wp","href":"https:\/\/api.w.org\/{rel}","templated":true}]}}