{"id":989264,"date":"2024-01-24T18:44:00","date_gmt":"2024-01-24T18:44:00","guid":{"rendered":"https:\/\/radyoseymen.com.tr\/?page_id=989264"},"modified":"2025-03-19T13:42:49","modified_gmt":"2025-03-19T13:42:49","slug":"kunye","status":"publish","type":"page","link":"https:\/\/radyoseymen.com.tr\/index.php\/kunye\/","title":{"rendered":"K\u00fcnye"},"content":{"rendered":"\t\t<div data-elementor-type=\"wp-page\" data-elementor-id=\"989264\" class=\"elementor elementor-989264\" data-elementor-post-type=\"page\">\n\t\t\t\t<div class=\"elementor-element elementor-element-47adb3af e-flex e-con-boxed e-con e-parent\" data-id=\"47adb3af\" data-element_type=\"container\" data-e-type=\"container\">\n\t\t\t\t\t<div class=\"e-con-inner\">\n\t\t<div class=\"elementor-element elementor-element-23446d4b e-con-full e-flex e-con e-child\" data-id=\"23446d4b\" data-element_type=\"container\" data-e-type=\"container\">\n\t\t\t\t<div class=\"elementor-element elementor-element-df31cfd elementor-widget elementor-widget-heading\" data-id=\"df31cfd\" data-element_type=\"widget\" data-e-type=\"widget\" data-widget_type=\"heading.default\">\n\t\t\t\t<div class=\"elementor-widget-container\">\n\t\t\t\t\t<h1 class=\"elementor-heading-title elementor-size-default\">K\u00dcNYE<\/h1>\t\t\t\t<\/div>\n\t\t\t\t<\/div>\n\t\t\t\t<div class=\"elementor-element elementor-element-3867866e elementor-widget elementor-widget-heading\" data-id=\"3867866e\" data-element_type=\"widget\" data-e-type=\"widget\" data-widget_type=\"heading.default\">\n\t\t\t\t<div class=\"elementor-widget-container\">\n\t\t\t\t\t<h2 class=\"elementor-heading-title elementor-size-default\">Hareketli oyun havalar\u0131 ve Ankara havas\u0131 m\u00fczikleri ile \u00fcnl\u00fc bir radyo olan <b>Radyo Seymen<\/b>, 2010 y\u0131l\u0131nda \u0130stanbul merkezli olarak kurulmu\u015f ve yay\u0131n hayat\u0131na ba\u015flam\u0131\u015ft\u0131r.  <\/h2>\t\t\t\t<\/div>\n\t\t\t\t<\/div>\n\t\t\t\t<div class=\"vamtam-has-theme-widget-styles elementor-element elementor-element-cea745b vamtam-has-underline-anim elementor-widget elementor-widget-button\" data-id=\"cea745b\" data-element_type=\"widget\" data-e-type=\"widget\" data-widget_type=\"button.default\">\n\t\t\t\t<div class=\"elementor-widget-container\">\n\t\t\t\t\t\t\t\t\t<div class=\"elementor-button-wrapper\">\n\t\t\t\t\t<a class=\"elementor-button elementor-button-link elementor-size-sm\" href=\"https:\/\/radyoseymen.com.tr\/index.php\/canli-dinle\/\">\n\t\t\t\t\t\t<span class=\"elementor-button-content-wrapper\">\n\t\t\t\t\t\t<span class=\"elementor-button-icon\">\n\t\t\t\t<i aria-hidden=\"true\" class=\"fas fa-play\"><\/i>\t\t\t<\/span>\n\t\t\t\t\t\t\t\t\t<span class=\"elementor-button-text\">CANLI D\u0130NLE<\/span>\n\t\t\t\t\t<\/span>\n\t\t\t\t\t<\/a>\n\t\t\t\t<\/div>\n\t\t\t\t\t\t\t\t<\/div>\n\t\t\t\t<\/div>\n\t\t\t\t<\/div>\n\t\t<div class=\"elementor-element elementor-element-70a185ea e-con-full e-flex e-con e-child\" data-id=\"70a185ea\" data-element_type=\"container\" data-e-type=\"container\">\n\t\t\t\t<div class=\"elementor-element elementor-element-3b61c57f elementor-widget elementor-widget-image\" data-id=\"3b61c57f\" data-element_type=\"widget\" data-e-type=\"widget\" data-widget_type=\"image.default\">\n\t\t\t\t<div class=\"elementor-widget-container\">\n\t\t\t\t\t\t\t\t\t\t\t\t\t\t\t<img fetchpriority=\"high\" decoding=\"async\" width=\"1024\" height=\"939\" src=\"https:\/\/radyoseymen.com.tr\/wp-content\/uploads\/2024\/01\/Radyo-Seymen-Dewart-AI1-1024x939.png\" class=\"attachment-large size-large wp-image-988608\" alt=\"Radyo Seymen - Dewart AI(1)\" srcset=\"https:\/\/radyoseymen.com.tr\/wp-content\/uploads\/2024\/01\/Radyo-Seymen-Dewart-AI1-1024x939.png 1024w, https:\/\/radyoseymen.com.tr\/wp-content\/uploads\/2024\/01\/Radyo-Seymen-Dewart-AI1-300x275.png 300w, https:\/\/radyoseymen.com.tr\/wp-content\/uploads\/2024\/01\/Radyo-Seymen-Dewart-AI1-768x704.png 768w, https:\/\/radyoseymen.com.tr\/wp-content\/uploads\/2024\/01\/Radyo-Seymen-Dewart-AI1.png 1216w\" sizes=\"(max-width: 1024px) 100vw, 1024px\" \/>\t\t\t\t\t\t\t\t\t\t\t\t\t\t\t<\/div>\n\t\t\t\t<\/div>\n\t\t\t\t<\/div>\n\t\t\t\t\t<\/div>\n\t\t\t\t<\/div>\n\t\t\t\t<section class=\"elementor-section elementor-top-section elementor-element elementor-element-2edf404 elementor-section-boxed elementor-section-height-default elementor-section-height-default\" data-id=\"2edf404\" data-element_type=\"section\" data-e-type=\"section\">\n\t\t\t\t\t\t<div class=\"elementor-container elementor-column-gap-no\">\n\t\t\t\t\t<div class=\"elementor-column elementor-col-100 elementor-top-column elementor-element elementor-element-70403fb\" data-id=\"70403fb\" data-element_type=\"column\" data-e-type=\"column\">\n\t\t\t<div class=\"elementor-widget-wrap elementor-element-populated\">\n\t\t\t\t\t\t<div class=\"elementor-element elementor-element-69ec8e6 elementor-widget elementor-widget-global elementor-global-3575 elementor-widget-spacer\" data-id=\"69ec8e6\" data-element_type=\"widget\" data-e-type=\"widget\" data-widget_type=\"spacer.default\">\n\t\t\t\t<div class=\"elementor-widget-container\">\n\t\t\t\t\t\t\t<div class=\"elementor-spacer\">\n\t\t\t<div class=\"elementor-spacer-inner\"><\/div>\n\t\t<\/div>\n\t\t\t\t\t\t<\/div>\n\t\t\t\t<\/div>\n\t\t\t\t\t<\/div>\n\t\t<\/div>\n\t\t\t\t\t<\/div>\n\t\t<\/section>\n\t\t<div class=\"elementor-element elementor-element-65291d4 e-flex e-con-boxed e-con e-parent\" data-id=\"65291d4\" data-element_type=\"container\" data-e-type=\"container\">\n\t\t\t\t\t<div class=\"e-con-inner\">\n\t\t\t\t<div class=\"elementor-element elementor-element-a7549aa elementor-widget__width-initial elementor-widget elementor-widget-text-editor\" data-id=\"a7549aa\" data-element_type=\"widget\" data-e-type=\"widget\" data-widget_type=\"text-editor.default\">\n\t\t\t\t<div class=\"elementor-widget-container\">\n\t\t\t\t\t\t\t\t\t<p><span style=\"color: #db0909;\"><strong>\u015e\u0130RKET B\u0130LG\u0130LER\u0130<\/strong><\/span><\/p><p><strong>\u00dcnvan\u0131:<\/strong> BARI\u015e RADYO VE TELEV\u0130ZYON YAYINCILIK T\u0130CARET A.\u015e.<br \/><strong>Logo\/\u00c7a\u011fr\u0131 \u0130\u015fareti:<\/strong> RD SEYMEN<br \/><strong>Yay\u0131n Ortam\u0131:<\/strong> Karasal Ortam<br \/><strong>Lisans Tipi:<\/strong> R3<br \/><strong>Yay\u0131n T\u00fcr\u00fc:<\/strong> Genel Yay\u0131n<br \/><strong>Yaz\u0131\u015fma Adresi:<\/strong> So\u011fanl\u0131k Yeni Mah. Pegagaz Sok. Pegakartal A Blok No: 6\/A D:61 Kartal\/\u0130stanbul<br \/><strong>Telefon:<\/strong> 0216 530 15 15<br \/><strong>Faks:<\/strong> 0216 530 15 14<br \/><strong>\u0130nternet Adresi:<\/strong> www.radyoseymen.com.tr<\/p><p><span style=\"color: #db0909;\"><strong>SORUMLU M\u00dcD\u00dcR<\/strong><\/span><\/p><p><strong>Ad Soyad:<\/strong> Senanur Deniz<br \/><strong>\u0130leti\u015fim Bilgileri:<\/strong> So\u011fanl\u0131k Yeni Mah. Pegagaz Sok. Pegakartal A Blok No: 6\/A D:61 Kartal\/\u0130stanbul<br \/><strong>Telefon:<\/strong> 0216 530 15 15<br \/><strong>Faks:<\/strong> 0216 530 15 14<br \/><strong>E-mail:<\/strong> info@radyoseymen.com.tr<\/p><p><span style=\"color: #db0909;\"><strong>\u0130ZLEY\u0130C\u0130 TEMS\u0130LC\u0130S\u0130<\/strong><\/span><\/p><p><strong>Ad Soyad:<\/strong> Abdulsamet \u00d6d\u00fcbek<br \/><strong>\u0130leti\u015fim Bilgileri:<\/strong> So\u011fanl\u0131k Yeni Mah. Pegagaz Sok. Pegakartal A Blok No: 6\/A D:61 Kartal\/\u0130stanbul<br \/><strong>Telefon:<\/strong> 0216 530 15 15<br \/><strong>Faks:<\/strong> 0216 530 15 14<br \/><strong>E-mail:<\/strong> info@radyoseymen.com.tr<\/p><p><strong>Kep Adresi:<\/strong> barisradyotelevizyon@hs01.kep.tr<br \/><strong>Mersis Numaras\u0131:<\/strong> 0814-0057-1920-0018<\/p><div class=\"notranslate\">\u00a0<\/div>\t\t\t\t\t\t\t\t<\/div>\n\t\t\t\t<\/div>\n\t\t\t\t\t<\/div>\n\t\t\t\t<\/div>\n\t\t\t\t<section class=\"elementor-section elementor-top-section elementor-element elementor-element-f7bc724 elementor-section-boxed elementor-section-height-default elementor-section-height-default\" data-id=\"f7bc724\" data-element_type=\"section\" data-e-type=\"section\">\n\t\t\t\t\t\t<div class=\"elementor-container elementor-column-gap-no\">\n\t\t\t\t\t<div class=\"elementor-column elementor-col-100 elementor-top-column elementor-element elementor-element-b50eac8\" data-id=\"b50eac8\" data-element_type=\"column\" data-e-type=\"column\">\n\t\t\t<div class=\"elementor-widget-wrap elementor-element-populated\">\n\t\t\t\t\t\t<div class=\"elementor-element elementor-element-73e9e46 elementor-widget elementor-widget-global elementor-global-3575 elementor-widget-spacer\" data-id=\"73e9e46\" data-element_type=\"widget\" data-e-type=\"widget\" data-widget_type=\"spacer.default\">\n\t\t\t\t<div class=\"elementor-widget-container\">\n\t\t\t\t\t\t\t<div class=\"elementor-spacer\">\n\t\t\t<div class=\"elementor-spacer-inner\"><\/div>\n\t\t<\/div>\n\t\t\t\t\t\t<\/div>\n\t\t\t\t<\/div>\n\t\t\t\t\t<\/div>\n\t\t<\/div>\n\t\t\t\t\t<\/div>\n\t\t<\/section>\n\t\t<div class=\"elementor-element elementor-element-73f910a2 e-flex e-con-boxed e-con e-parent\" data-id=\"73f910a2\" data-element_type=\"container\" data-e-type=\"container\" data-settings=\"{&quot;position&quot;:&quot;fixed&quot;}\">\n\t\t\t\t\t<div class=\"e-con-inner\">\n\t\t\t\t<div class=\"elementor-element elementor-element-16aa505e elementor-fixed elementor-widget elementor-widget-elementskit-back-to-top\" data-id=\"16aa505e\" data-element_type=\"widget\" data-e-type=\"widget\" data-settings=\"{&quot;_position&quot;:&quot;fixed&quot;}\" data-widget_type=\"elementskit-back-to-top.default\">\n\t\t\t\t<div class=\"elementor-widget-container\">\n\t\t\t\t\t<div class=\"ekit-wid-con\" >\t\t\t<div class=\"ekit-back-to-top-container ekit-btt progress_indicator\" data-settings=\"{&quot;offset_top&quot;:0,&quot;show_after&quot;:400,&quot;show_scroll&quot;:&quot;yes&quot;,&quot;style&quot;:&quot;progress_indicator&quot;,&quot;foreground&quot;:&quot;#FF5050&quot;,&quot;background&quot;:&quot;#eee&quot;}\"> \n\t\t\t\t<span class=\"ekit-btt__button yes\">\n\t\t\t\t\t\t\t\t\t\t\t\t<div class=\"progress_indicator\" >\n\t\t\t\t\t\t\t\t<canvas id=\"canvas-16aa505e\" class=\"canvas\" data-canvas=\"16aa505e\"><\/canvas>\n\t\t\t\t\t\t\t\t<span><i aria-hidden=\"true\" class=\"icon icon-up-arrow1\"><\/i><\/span>\n\t\t\t\t\t\t\t<\/div>\n\t\t\t\t\t\t\t\t\t\t\t<\/span>\n\t\t\t<\/div>\n\t\t<\/div>\t\t\t\t<\/div>\n\t\t\t\t<\/div>\n\t\t\t\t\t<\/div>\n\t\t\t\t<\/div>\n\t\t\t\t<\/div>\n\t\t","protected":false},"excerpt":{"rendered":"<p>Ulusal \u00e7apta yay\u0131n yapman\u0131n gururunu ya\u015fayan Radyo Seymen, \u0130stanbul 107.0, \u0130zmir 93.0 ve Ankara 103.8 frekanslar\u0131 ile dinleyicilerine ula\u015fmaktad\u0131r. Bu frekanslar sayesinde, T\u00fcrkiye&#8217;nin her yerinden bizi kolayca bulabilir ve sevdi\u011finiz m\u00fcziklerle g\u00fcn\u00fcn her saati enerjinizi y\u00fckseltebilirsiniz.<\/p>\n","protected":false},"author":1,"featured_media":988608,"parent":0,"menu_order":0,"comment_status":"closed","ping_status":"closed","template":"","meta":{"footnotes":""},"class_list":["post-989264","page","type-page","status-publish","has-post-thumbnail","hentry"],"yoast_head":"<!-- This site is optimized with the Yoast SEO plugin v27.4 - https:\/\/yoast.com\/product\/yoast-seo-wordpress\/ -->\n<title>K\u00fcnye &#8211; Radyo Seymen<\/title>\n<meta name=\"robots\" content=\"index, follow, max-snippet:-1, max-image-preview:large, max-video-preview:-1\" \/>\n<link rel=\"canonical\" href=\"https:\/\/radyoseymen.com.tr\/index.php\/kunye\/\" \/>\n<meta property=\"og:locale\" content=\"tr_TR\" \/>\n<meta property=\"og:type\" content=\"article\" \/>\n<meta property=\"og:title\" content=\"K\u00fcnye &#8211; Radyo Seymen\" \/>\n<meta property=\"og:description\" content=\"Ulusal \u00e7apta yay\u0131n yapman\u0131n gururunu ya\u015fayan Radyo Seymen, \u0130stanbul 107.0, \u0130zmir 93.0 ve Ankara 103.8 frekanslar\u0131 ile dinleyicilerine ula\u015fmaktad\u0131r. Bu frekanslar sayesinde, T\u00fcrkiye&#039;nin her yerinden bizi kolayca bulabilir ve sevdi\u011finiz m\u00fcziklerle g\u00fcn\u00fcn her saati enerjinizi y\u00fckseltebilirsiniz.\" \/>\n<meta property=\"og:url\" content=\"https:\/\/radyoseymen.com.tr\/index.php\/kunye\/\" \/>\n<meta property=\"og:site_name\" content=\"Radyo Seymen\" \/>\n<meta property=\"article:publisher\" content=\"https:\/\/www.facebook.com\/radyoseymenresmi\/\" \/>\n<meta property=\"article:modified_time\" content=\"2025-03-19T13:42:49+00:00\" \/>\n<meta property=\"og:image\" content=\"https:\/\/radyoseymen.com.tr\/wp-content\/uploads\/2024\/01\/Radyo-Seymen-Dewart-AI1.png\" \/>\n\t<meta property=\"og:image:width\" content=\"1216\" \/>\n\t<meta property=\"og:image:height\" content=\"1115\" \/>\n\t<meta property=\"og:image:type\" content=\"image\/png\" \/>\n<meta name=\"twitter:card\" content=\"summary_large_image\" \/>\n<meta name=\"twitter:label1\" content=\"Tahmini okuma s\u00fcresi\" \/>\n\t<meta name=\"twitter:data1\" content=\"2 dakika\" \/>\n<script type=\"application\/ld+json\" class=\"yoast-schema-graph\">{\"@context\":\"https:\\\/\\\/schema.org\",\"@graph\":[{\"@type\":\"WebPage\",\"@id\":\"https:\\\/\\\/radyoseymen.com.tr\\\/index.php\\\/kunye\\\/\",\"url\":\"https:\\\/\\\/radyoseymen.com.tr\\\/index.php\\\/kunye\\\/\",\"name\":\"K\u00fcnye &#8211; Radyo Seymen\",\"isPartOf\":{\"@id\":\"https:\\\/\\\/radyoseymen.com.tr\\\/#website\"},\"primaryImageOfPage\":{\"@id\":\"https:\\\/\\\/radyoseymen.com.tr\\\/index.php\\\/kunye\\\/#primaryimage\"},\"image\":{\"@id\":\"https:\\\/\\\/radyoseymen.com.tr\\\/index.php\\\/kunye\\\/#primaryimage\"},\"thumbnailUrl\":\"https:\\\/\\\/radyoseymen.com.tr\\\/wp-content\\\/uploads\\\/2024\\\/01\\\/Radyo-Seymen-Dewart-AI1.png\",\"datePublished\":\"2024-01-24T18:44:00+00:00\",\"dateModified\":\"2025-03-19T13:42:49+00:00\",\"breadcrumb\":{\"@id\":\"https:\\\/\\\/radyoseymen.com.tr\\\/index.php\\\/kunye\\\/#breadcrumb\"},\"inLanguage\":\"tr\",\"potentialAction\":[{\"@type\":\"ReadAction\",\"target\":[\"https:\\\/\\\/radyoseymen.com.tr\\\/index.php\\\/kunye\\\/\"]}]},{\"@type\":\"ImageObject\",\"inLanguage\":\"tr\",\"@id\":\"https:\\\/\\\/radyoseymen.com.tr\\\/index.php\\\/kunye\\\/#primaryimage\",\"url\":\"https:\\\/\\\/radyoseymen.com.tr\\\/wp-content\\\/uploads\\\/2024\\\/01\\\/Radyo-Seymen-Dewart-AI1.png\",\"contentUrl\":\"https:\\\/\\\/radyoseymen.com.tr\\\/wp-content\\\/uploads\\\/2024\\\/01\\\/Radyo-Seymen-Dewart-AI1.png\",\"width\":1216,\"height\":1115,\"caption\":\"Radyo Seymen - Dewart AI(1)\"},{\"@type\":\"BreadcrumbList\",\"@id\":\"https:\\\/\\\/radyoseymen.com.tr\\\/index.php\\\/kunye\\\/#breadcrumb\",\"itemListElement\":[{\"@type\":\"ListItem\",\"position\":1,\"name\":\"Anasayfa\",\"item\":\"https:\\\/\\\/radyoseymen.com.tr\\\/\"},{\"@type\":\"ListItem\",\"position\":2,\"name\":\"K\u00fcnye\"}]},{\"@type\":\"WebSite\",\"@id\":\"https:\\\/\\\/radyoseymen.com.tr\\\/#website\",\"url\":\"https:\\\/\\\/radyoseymen.com.tr\\\/\",\"name\":\"Radyo Seymen\",\"description\":\"T\u00fcrkiye&#039;yi Oynatan Radyo\",\"publisher\":{\"@id\":\"https:\\\/\\\/radyoseymen.com.tr\\\/#organization\"},\"potentialAction\":[{\"@type\":\"SearchAction\",\"target\":{\"@type\":\"EntryPoint\",\"urlTemplate\":\"https:\\\/\\\/radyoseymen.com.tr\\\/?s={search_term_string}\"},\"query-input\":{\"@type\":\"PropertyValueSpecification\",\"valueRequired\":true,\"valueName\":\"search_term_string\"}}],\"inLanguage\":\"tr\"},{\"@type\":\"Organization\",\"@id\":\"https:\\\/\\\/radyoseymen.com.tr\\\/#organization\",\"name\":\"Radyo Seymen\",\"url\":\"https:\\\/\\\/radyoseymen.com.tr\\\/\",\"logo\":{\"@type\":\"ImageObject\",\"inLanguage\":\"tr\",\"@id\":\"https:\\\/\\\/radyoseymen.com.tr\\\/#\\\/schema\\\/logo\\\/image\\\/\",\"url\":\"https:\\\/\\\/radyoseymen.com.tr\\\/wp-content\\\/uploads\\\/2023\\\/04\\\/radyo-seymen-logo1.png\",\"contentUrl\":\"https:\\\/\\\/radyoseymen.com.tr\\\/wp-content\\\/uploads\\\/2023\\\/04\\\/radyo-seymen-logo1.png\",\"width\":800,\"height\":386,\"caption\":\"Radyo Seymen\"},\"image\":{\"@id\":\"https:\\\/\\\/radyoseymen.com.tr\\\/#\\\/schema\\\/logo\\\/image\\\/\"},\"sameAs\":[\"https:\\\/\\\/www.facebook.com\\\/radyoseymenresmi\\\/\",\"https:\\\/\\\/www.instagram.com\\\/radyoseymenresmi\"]}]}<\/script>\n<!-- \/ Yoast SEO plugin. -->","yoast_head_json":{"title":"K\u00fcnye &#8211; Radyo Seymen","robots":{"index":"index","follow":"follow","max-snippet":"max-snippet:-1","max-image-preview":"max-image-preview:large","max-video-preview":"max-video-preview:-1"},"canonical":"https:\/\/radyoseymen.com.tr\/index.php\/kunye\/","og_locale":"tr_TR","og_type":"article","og_title":"K\u00fcnye &#8211; Radyo Seymen","og_description":"Ulusal \u00e7apta yay\u0131n yapman\u0131n gururunu ya\u015fayan Radyo Seymen, \u0130stanbul 107.0, \u0130zmir 93.0 ve Ankara 103.8 frekanslar\u0131 ile dinleyicilerine ula\u015fmaktad\u0131r. Bu frekanslar sayesinde, T\u00fcrkiye'nin her yerinden bizi kolayca bulabilir ve sevdi\u011finiz m\u00fcziklerle g\u00fcn\u00fcn her saati enerjinizi y\u00fckseltebilirsiniz.","og_url":"https:\/\/radyoseymen.com.tr\/index.php\/kunye\/","og_site_name":"Radyo Seymen","article_publisher":"https:\/\/www.facebook.com\/radyoseymenresmi\/","article_modified_time":"2025-03-19T13:42:49+00:00","og_image":[{"width":1216,"height":1115,"url":"https:\/\/radyoseymen.com.tr\/wp-content\/uploads\/2024\/01\/Radyo-Seymen-Dewart-AI1.png","type":"image\/png"}],"twitter_card":"summary_large_image","twitter_misc":{"Tahmini okuma s\u00fcresi":"2 dakika"},"schema":{"@context":"https:\/\/schema.org","@graph":[{"@type":"WebPage","@id":"https:\/\/radyoseymen.com.tr\/index.php\/kunye\/","url":"https:\/\/radyoseymen.com.tr\/index.php\/kunye\/","name":"K\u00fcnye &#8211; Radyo Seymen","isPartOf":{"@id":"https:\/\/radyoseymen.com.tr\/#website"},"primaryImageOfPage":{"@id":"https:\/\/radyoseymen.com.tr\/index.php\/kunye\/#primaryimage"},"image":{"@id":"https:\/\/radyoseymen.com.tr\/index.php\/kunye\/#primaryimage"},"thumbnailUrl":"https:\/\/radyoseymen.com.tr\/wp-content\/uploads\/2024\/01\/Radyo-Seymen-Dewart-AI1.png","datePublished":"2024-01-24T18:44:00+00:00","dateModified":"2025-03-19T13:42:49+00:00","breadcrumb":{"@id":"https:\/\/radyoseymen.com.tr\/index.php\/kunye\/#breadcrumb"},"inLanguage":"tr","potentialAction":[{"@type":"ReadAction","target":["https:\/\/radyoseymen.com.tr\/index.php\/kunye\/"]}]},{"@type":"ImageObject","inLanguage":"tr","@id":"https:\/\/radyoseymen.com.tr\/index.php\/kunye\/#primaryimage","url":"https:\/\/radyoseymen.com.tr\/wp-content\/uploads\/2024\/01\/Radyo-Seymen-Dewart-AI1.png","contentUrl":"https:\/\/radyoseymen.com.tr\/wp-content\/uploads\/2024\/01\/Radyo-Seymen-Dewart-AI1.png","width":1216,"height":1115,"caption":"Radyo Seymen - Dewart AI(1)"},{"@type":"BreadcrumbList","@id":"https:\/\/radyoseymen.com.tr\/index.php\/kunye\/#breadcrumb","itemListElement":[{"@type":"ListItem","position":1,"name":"Anasayfa","item":"https:\/\/radyoseymen.com.tr\/"},{"@type":"ListItem","position":2,"name":"K\u00fcnye"}]},{"@type":"WebSite","@id":"https:\/\/radyoseymen.com.tr\/#website","url":"https:\/\/radyoseymen.com.tr\/","name":"Radyo Seymen","description":"T\u00fcrkiye&#039;yi Oynatan Radyo","publisher":{"@id":"https:\/\/radyoseymen.com.tr\/#organization"},"potentialAction":[{"@type":"SearchAction","target":{"@type":"EntryPoint","urlTemplate":"https:\/\/radyoseymen.com.tr\/?s={search_term_string}"},"query-input":{"@type":"PropertyValueSpecification","valueRequired":true,"valueName":"search_term_string"}}],"inLanguage":"tr"},{"@type":"Organization","@id":"https:\/\/radyoseymen.com.tr\/#organization","name":"Radyo Seymen","url":"https:\/\/radyoseymen.com.tr\/","logo":{"@type":"ImageObject","inLanguage":"tr","@id":"https:\/\/radyoseymen.com.tr\/#\/schema\/logo\/image\/","url":"https:\/\/radyoseymen.com.tr\/wp-content\/uploads\/2023\/04\/radyo-seymen-logo1.png","contentUrl":"https:\/\/radyoseymen.com.tr\/wp-content\/uploads\/2023\/04\/radyo-seymen-logo1.png","width":800,"height":386,"caption":"Radyo Seymen"},"image":{"@id":"https:\/\/radyoseymen.com.tr\/#\/schema\/logo\/image\/"},"sameAs":["https:\/\/www.facebook.com\/radyoseymenresmi\/","https:\/\/www.instagram.com\/radyoseymenresmi"]}]}},"_links":{"self":[{"href":"https:\/\/radyoseymen.com.tr\/index.php\/wp-json\/wp\/v2\/pages\/989264","targetHints":{"allow":["GET"]}}],"collection":[{"href":"https:\/\/radyoseymen.com.tr\/index.php\/wp-json\/wp\/v2\/pages"}],"about":[{"href":"https:\/\/radyoseymen.com.tr\/index.php\/wp-json\/wp\/v2\/types\/page"}],"author":[{"embeddable":true,"href":"https:\/\/radyoseymen.com.tr\/index.php\/wp-json\/wp\/v2\/users\/1"}],"replies":[{"embeddable":true,"href":"https:\/\/radyoseymen.com.tr\/index.php\/wp-json\/wp\/v2\/comments?post=989264"}],"version-history":[{"count":31,"href":"https:\/\/radyoseymen.com.tr\/index.php\/wp-json\/wp\/v2\/pages\/989264\/revisions"}],"predecessor-version":[{"id":989698,"href":"https:\/\/radyoseymen.com.tr\/index.php\/wp-json\/wp\/v2\/pages\/989264\/revisions\/989698"}],"wp:featuredmedia":[{"embeddable":true,"href":"https:\/\/radyoseymen.com.tr\/index.php\/wp-json\/wp\/v2\/media\/988608"}],"wp:attachment":[{"href":"https:\/\/radyoseymen.com.tr\/index.php\/wp-json\/wp\/v2\/media?parent=989264"}],"curies":[{"name":"wp","href":"https:\/\/api.w.org\/{rel}","templated":true}]}}