{"id":989255,"date":"2024-01-24T18:35:56","date_gmt":"2024-01-24T18:35:56","guid":{"rendered":"https:\/\/radyoseymen.com.tr\/?page_id=989255"},"modified":"2025-09-22T08:02:22","modified_gmt":"2025-09-22T08:02:22","slug":"frekanslar","status":"publish","type":"page","link":"https:\/\/radyoseymen.com.tr\/index.php\/frekanslar\/","title":{"rendered":"Frekanslar"},"content":{"rendered":"\t\t<div data-elementor-type=\"wp-page\" data-elementor-id=\"989255\" class=\"elementor elementor-989255\" data-elementor-post-type=\"page\">\n\t\t\t\t<div class=\"elementor-element elementor-element-57a7f902 e-flex e-con-boxed e-con e-parent\" data-id=\"57a7f902\" data-element_type=\"container\" data-e-type=\"container\">\n\t\t\t\t\t<div class=\"e-con-inner\">\n\t\t<div class=\"elementor-element elementor-element-6bcfec3f e-con-full e-flex e-con e-child\" data-id=\"6bcfec3f\" data-element_type=\"container\" data-e-type=\"container\">\n\t\t\t\t<div class=\"elementor-element elementor-element-66e68aec elementor-widget elementor-widget-heading\" data-id=\"66e68aec\" data-element_type=\"widget\" data-e-type=\"widget\" data-widget_type=\"heading.default\">\n\t\t\t\t<div class=\"elementor-widget-container\">\n\t\t\t\t\t<h1 class=\"elementor-heading-title elementor-size-default\">FREKANSLAR<\/h1>\t\t\t\t<\/div>\n\t\t\t\t<\/div>\n\t\t\t\t<div class=\"elementor-element elementor-element-7986ec44 elementor-widget elementor-widget-heading\" data-id=\"7986ec44\" data-element_type=\"widget\" data-e-type=\"widget\" data-widget_type=\"heading.default\">\n\t\t\t\t<div class=\"elementor-widget-container\">\n\t\t\t\t\t<h2 class=\"elementor-heading-title elementor-size-default\">Hareketli oyun havalar\u0131 ve Ankara havas\u0131 m\u00fczikleri ile \u00fcnl\u00fc bir radyo olan <b>Radyo Seymen<\/b>, 2010 y\u0131l\u0131nda \u0130stanbul merkezli olarak kurulmu\u015f ve yay\u0131n hayat\u0131na ba\u015flam\u0131\u015ft\u0131r.  <\/h2>\t\t\t\t<\/div>\n\t\t\t\t<\/div>\n\t\t\t\t<div class=\"vamtam-has-theme-widget-styles elementor-element elementor-element-11e470e9 vamtam-has-underline-anim elementor-widget elementor-widget-button\" data-id=\"11e470e9\" data-element_type=\"widget\" data-e-type=\"widget\" data-widget_type=\"button.default\">\n\t\t\t\t<div class=\"elementor-widget-container\">\n\t\t\t\t\t\t\t\t\t<div class=\"elementor-button-wrapper\">\n\t\t\t\t\t<a class=\"elementor-button elementor-button-link elementor-size-sm\" href=\"https:\/\/radyoseymen.com.tr\/index.php\/canli-dinle\/\">\n\t\t\t\t\t\t<span class=\"elementor-button-content-wrapper\">\n\t\t\t\t\t\t<span class=\"elementor-button-icon\">\n\t\t\t\t<i aria-hidden=\"true\" class=\"fas fa-play\"><\/i>\t\t\t<\/span>\n\t\t\t\t\t\t\t\t\t<span class=\"elementor-button-text\">CANLI D\u0130NLE<\/span>\n\t\t\t\t\t<\/span>\n\t\t\t\t\t<\/a>\n\t\t\t\t<\/div>\n\t\t\t\t\t\t\t\t<\/div>\n\t\t\t\t<\/div>\n\t\t\t\t<\/div>\n\t\t<div class=\"elementor-element elementor-element-4cdf2516 e-con-full e-flex e-con e-child\" data-id=\"4cdf2516\" data-element_type=\"container\" data-e-type=\"container\">\n\t\t\t\t<div class=\"elementor-element elementor-element-7ef4aec0 elementor-widget elementor-widget-image\" data-id=\"7ef4aec0\" data-element_type=\"widget\" data-e-type=\"widget\" data-widget_type=\"image.default\">\n\t\t\t\t<div class=\"elementor-widget-container\">\n\t\t\t\t\t\t\t\t\t\t\t\t\t\t\t<img fetchpriority=\"high\" decoding=\"async\" width=\"1024\" height=\"939\" src=\"https:\/\/radyoseymen.com.tr\/wp-content\/uploads\/2024\/01\/Radyo-Seymen-Dewart-AI1-1024x939.png\" class=\"attachment-large size-large wp-image-988608\" alt=\"Radyo Seymen - Dewart AI(1)\" srcset=\"https:\/\/radyoseymen.com.tr\/wp-content\/uploads\/2024\/01\/Radyo-Seymen-Dewart-AI1-1024x939.png 1024w, https:\/\/radyoseymen.com.tr\/wp-content\/uploads\/2024\/01\/Radyo-Seymen-Dewart-AI1-300x275.png 300w, https:\/\/radyoseymen.com.tr\/wp-content\/uploads\/2024\/01\/Radyo-Seymen-Dewart-AI1-768x704.png 768w, https:\/\/radyoseymen.com.tr\/wp-content\/uploads\/2024\/01\/Radyo-Seymen-Dewart-AI1.png 1216w\" sizes=\"(max-width: 1024px) 100vw, 1024px\" \/>\t\t\t\t\t\t\t\t\t\t\t\t\t\t\t<\/div>\n\t\t\t\t<\/div>\n\t\t\t\t<\/div>\n\t\t\t\t\t<\/div>\n\t\t\t\t<\/div>\n\t\t\t\t<section class=\"elementor-section elementor-top-section elementor-element elementor-element-2edf404 elementor-section-boxed elementor-section-height-default elementor-section-height-default\" data-id=\"2edf404\" data-element_type=\"section\" data-e-type=\"section\">\n\t\t\t\t\t\t<div class=\"elementor-container elementor-column-gap-no\">\n\t\t\t\t\t<div class=\"elementor-column elementor-col-100 elementor-top-column elementor-element elementor-element-70403fb\" data-id=\"70403fb\" data-element_type=\"column\" data-e-type=\"column\">\n\t\t\t<div class=\"elementor-widget-wrap elementor-element-populated\">\n\t\t\t\t\t\t<div class=\"elementor-element elementor-element-69ec8e6 elementor-widget elementor-widget-global elementor-global-3575 elementor-widget-spacer\" data-id=\"69ec8e6\" data-element_type=\"widget\" data-e-type=\"widget\" data-widget_type=\"spacer.default\">\n\t\t\t\t<div class=\"elementor-widget-container\">\n\t\t\t\t\t\t\t<div class=\"elementor-spacer\">\n\t\t\t<div class=\"elementor-spacer-inner\"><\/div>\n\t\t<\/div>\n\t\t\t\t\t\t<\/div>\n\t\t\t\t<\/div>\n\t\t\t\t\t<\/div>\n\t\t<\/div>\n\t\t\t\t\t<\/div>\n\t\t<\/section>\n\t\t<div class=\"elementor-element elementor-element-73f910a2 e-flex e-con-boxed e-con e-parent\" data-id=\"73f910a2\" data-element_type=\"container\" data-e-type=\"container\" data-settings=\"{&quot;position&quot;:&quot;fixed&quot;}\">\n\t\t\t\t\t<div class=\"e-con-inner\">\n\t\t\t\t<div class=\"elementor-element elementor-element-16aa505e elementor-fixed elementor-widget elementor-widget-elementskit-back-to-top\" data-id=\"16aa505e\" data-element_type=\"widget\" data-e-type=\"widget\" data-settings=\"{&quot;_position&quot;:&quot;fixed&quot;}\" data-widget_type=\"elementskit-back-to-top.default\">\n\t\t\t\t<div class=\"elementor-widget-container\">\n\t\t\t\t\t<div class=\"ekit-wid-con\" >\t\t\t<div class=\"ekit-back-to-top-container ekit-btt progress_indicator\" data-settings=\"{&quot;offset_top&quot;:0,&quot;show_after&quot;:400,&quot;show_scroll&quot;:&quot;yes&quot;,&quot;style&quot;:&quot;progress_indicator&quot;,&quot;foreground&quot;:&quot;#FF5050&quot;,&quot;background&quot;:&quot;#eee&quot;}\"> \n\t\t\t\t<span class=\"ekit-btt__button yes\">\n\t\t\t\t\t\t\t\t\t\t\t\t<div class=\"progress_indicator\" >\n\t\t\t\t\t\t\t\t<canvas id=\"canvas-16aa505e\" class=\"canvas\" data-canvas=\"16aa505e\"><\/canvas>\n\t\t\t\t\t\t\t\t<span><i aria-hidden=\"true\" class=\"icon icon-up-arrow1\"><\/i><\/span>\n\t\t\t\t\t\t\t<\/div>\n\t\t\t\t\t\t\t\t\t\t\t<\/span>\n\t\t\t<\/div>\n\t\t<\/div>\t\t\t\t<\/div>\n\t\t\t\t<\/div>\n\t\t\t\t\t<\/div>\n\t\t\t\t<\/div>\n\t\t<div class=\"elementor-element elementor-element-4ba4c79 e-flex e-con-boxed e-con e-parent\" data-id=\"4ba4c79\" data-element_type=\"container\" data-e-type=\"container\">\n\t\t\t\t\t<div class=\"e-con-inner\">\n\t\t<div class=\"elementor-element elementor-element-1462b6f e-con-full e-flex e-con e-child\" data-id=\"1462b6f\" data-element_type=\"container\" data-e-type=\"container\">\n\t\t\t\t<div class=\"elementor-element elementor-element-42b6b14 elementor-position-top elementor-widget elementor-widget-image-box\" data-id=\"42b6b14\" data-element_type=\"widget\" data-e-type=\"widget\" data-widget_type=\"image-box.default\">\n\t\t\t\t<div class=\"elementor-widget-container\">\n\t\t\t\t\t<div class=\"elementor-image-box-wrapper\"><figure class=\"elementor-image-box-img\"><img decoding=\"async\" width=\"400\" height=\"401\" src=\"https:\/\/radyoseymen.com.tr\/wp-content\/uploads\/2023\/06\/plugins-icon-1-1.svg\" class=\"elementor-animation-float attachment-full size-full wp-image-9070\" alt=\"\" \/><\/figure><div class=\"elementor-image-box-content\"><h3 class=\"elementor-image-box-title\">\u0130stanbul<\/h3><p class=\"elementor-image-box-description\">107.0<\/p><\/div><\/div>\t\t\t\t<\/div>\n\t\t\t\t<\/div>\n\t\t\t\t<\/div>\n\t\t<div class=\"elementor-element elementor-element-ff3dfc9 e-con-full e-flex e-con e-child\" data-id=\"ff3dfc9\" data-element_type=\"container\" data-e-type=\"container\">\n\t\t\t\t<div class=\"elementor-element elementor-element-7bb67f6 elementor-position-top elementor-widget elementor-widget-image-box\" data-id=\"7bb67f6\" data-element_type=\"widget\" data-e-type=\"widget\" data-widget_type=\"image-box.default\">\n\t\t\t\t<div class=\"elementor-widget-container\">\n\t\t\t\t\t<div class=\"elementor-image-box-wrapper\"><figure class=\"elementor-image-box-img\"><img decoding=\"async\" width=\"400\" height=\"401\" src=\"https:\/\/radyoseymen.com.tr\/wp-content\/uploads\/2023\/06\/plugins-icon-1-1.svg\" class=\"elementor-animation-float attachment-full size-full wp-image-9070\" alt=\"\" \/><\/figure><div class=\"elementor-image-box-content\"><h3 class=\"elementor-image-box-title\">Ankara<\/h3><p class=\"elementor-image-box-description\">92.2<\/p><\/div><\/div>\t\t\t\t<\/div>\n\t\t\t\t<\/div>\n\t\t\t\t<\/div>\n\t\t<div class=\"elementor-element elementor-element-6e7ca67 e-con-full e-flex e-con e-child\" data-id=\"6e7ca67\" data-element_type=\"container\" data-e-type=\"container\">\n\t\t\t\t<div class=\"elementor-element elementor-element-f62deff elementor-position-top elementor-widget elementor-widget-image-box\" data-id=\"f62deff\" data-element_type=\"widget\" data-e-type=\"widget\" data-widget_type=\"image-box.default\">\n\t\t\t\t<div class=\"elementor-widget-container\">\n\t\t\t\t\t<div class=\"elementor-image-box-wrapper\"><figure class=\"elementor-image-box-img\"><img decoding=\"async\" width=\"400\" height=\"401\" src=\"https:\/\/radyoseymen.com.tr\/wp-content\/uploads\/2023\/06\/plugins-icon-1-1.svg\" class=\"elementor-animation-float attachment-full size-full wp-image-9070\" alt=\"\" \/><\/figure><div class=\"elementor-image-box-content\"><h3 class=\"elementor-image-box-title\">\u0130zmir<\/h3><p class=\"elementor-image-box-description\">90.0<\/p><\/div><\/div>\t\t\t\t<\/div>\n\t\t\t\t<\/div>\n\t\t\t\t<\/div>\n\t\t\t\t\t<\/div>\n\t\t\t\t<\/div>\n\t\t<div class=\"elementor-element elementor-element-cd37ced e-flex e-con-boxed e-con e-parent\" data-id=\"cd37ced\" data-element_type=\"container\" data-e-type=\"container\">\n\t\t\t\t\t<div class=\"e-con-inner\">\n\t\t\t\t<div class=\"elementor-element elementor-element-2f949da elementor-widget elementor-widget-text-editor\" data-id=\"2f949da\" data-element_type=\"widget\" data-e-type=\"widget\" data-widget_type=\"text-editor.default\">\n\t\t\t\t<div class=\"elementor-widget-container\">\n\t\t\t\t\t\t\t\t\t<p style=\"text-align: center;\"><div id=\"footable_parent_989459\"\n         class=\" footable_parent ninja_table_wrapper loading_ninja_table wp_table_data_press_parent semantic_ui \">\n                <table data-ninja_table_instance=\"ninja_table_instance_0\" data-footable_id=\"989459\" data-filter-delay=\"1000\" aria-label=\"Radyo Seymen - Frekanslar\"            id=\"footable_989459\"\n           data-unique_identifier=\"ninja_table_unique_id_1839386279_989459\"\n           class=\" foo-table ninja_footable foo_table_989459 ninja_table_unique_id_1839386279_989459 ui table  nt_type_ajax_table selectable striped vertical_centered  footable-paging-right\">\n                <colgroup>\n                            <col class=\"ninja_column_0 \">\n                            <col class=\"ninja_column_1 \">\n                            <col class=\"ninja_column_2 \">\n                    <\/colgroup>\n            <\/table>\n    \n    \n    \n<\/div>\n<\/p>\t\t\t\t\t\t\t\t<\/div>\n\t\t\t\t<\/div>\n\t\t\t\t\t<\/div>\n\t\t\t\t<\/div>\n\t\t\t\t<\/div>\n\t\t","protected":false},"excerpt":{"rendered":"<p>Dinleyicilerimizin sevdikleri \u015fark\u0131lar\u0131 duymalar\u0131n\u0131 sa\u011flamak ve m\u00fczik dolu anlar yaratmak i\u00e7in buraday\u0131z. Programc\u0131lar\u0131m\u0131z\u0131n sizlere \u00f6zel haz\u0131rlad\u0131\u011f\u0131 i\u00e7eriklerle, g\u00fcn\u00fcn her saati <b>Radyo Seymen<\/b>&#8216;de kaliteli m\u00fczi\u011fin tad\u0131n\u0131 \u00e7\u0131kar\u0131n!<\/p>\n","protected":false},"author":1,"featured_media":988608,"parent":0,"menu_order":0,"comment_status":"closed","ping_status":"closed","template":"","meta":{"footnotes":""},"class_list":["post-989255","page","type-page","status-publish","has-post-thumbnail","hentry"],"yoast_head":"<!-- This site is optimized with the Yoast SEO plugin v27.5 - https:\/\/yoast.com\/product\/yoast-seo-wordpress\/ -->\n<title>Frekanslar &#8211; Radyo Seymen<\/title>\n<meta name=\"robots\" content=\"index, follow, max-snippet:-1, max-image-preview:large, max-video-preview:-1\" \/>\n<link rel=\"canonical\" href=\"https:\/\/radyoseymen.com.tr\/index.php\/frekanslar\/\" \/>\n<meta property=\"og:locale\" content=\"tr_TR\" \/>\n<meta property=\"og:type\" content=\"article\" \/>\n<meta property=\"og:title\" content=\"Frekanslar &#8211; Radyo Seymen\" \/>\n<meta property=\"og:description\" content=\"Dinleyicilerimizin sevdikleri \u015fark\u0131lar\u0131 duymalar\u0131n\u0131 sa\u011flamak ve m\u00fczik dolu anlar yaratmak i\u00e7in buraday\u0131z. Programc\u0131lar\u0131m\u0131z\u0131n sizlere \u00f6zel haz\u0131rlad\u0131\u011f\u0131 i\u00e7eriklerle, g\u00fcn\u00fcn her saati Radyo Seymen&#039;de kaliteli m\u00fczi\u011fin tad\u0131n\u0131 \u00e7\u0131kar\u0131n!\" \/>\n<meta property=\"og:url\" content=\"https:\/\/radyoseymen.com.tr\/index.php\/frekanslar\/\" \/>\n<meta property=\"og:site_name\" content=\"Radyo Seymen\" \/>\n<meta property=\"article:publisher\" content=\"https:\/\/www.facebook.com\/radyoseymenresmi\/\" \/>\n<meta property=\"article:modified_time\" content=\"2025-09-22T08:02:22+00:00\" \/>\n<meta property=\"og:image\" content=\"https:\/\/radyoseymen.com.tr\/wp-content\/uploads\/2024\/01\/Radyo-Seymen-Dewart-AI1.png\" \/>\n\t<meta property=\"og:image:width\" content=\"1216\" \/>\n\t<meta property=\"og:image:height\" content=\"1115\" \/>\n\t<meta property=\"og:image:type\" content=\"image\/png\" \/>\n<meta name=\"twitter:card\" content=\"summary_large_image\" \/>\n<meta name=\"twitter:label1\" content=\"Tahmini okuma s\u00fcresi\" \/>\n\t<meta name=\"twitter:data1\" content=\"1 dakika\" \/>\n<script type=\"application\/ld+json\" class=\"yoast-schema-graph\">{\"@context\":\"https:\\\/\\\/schema.org\",\"@graph\":[{\"@type\":\"WebPage\",\"@id\":\"https:\\\/\\\/radyoseymen.com.tr\\\/index.php\\\/frekanslar\\\/\",\"url\":\"https:\\\/\\\/radyoseymen.com.tr\\\/index.php\\\/frekanslar\\\/\",\"name\":\"Frekanslar &#8211; Radyo Seymen\",\"isPartOf\":{\"@id\":\"https:\\\/\\\/radyoseymen.com.tr\\\/#website\"},\"primaryImageOfPage\":{\"@id\":\"https:\\\/\\\/radyoseymen.com.tr\\\/index.php\\\/frekanslar\\\/#primaryimage\"},\"image\":{\"@id\":\"https:\\\/\\\/radyoseymen.com.tr\\\/index.php\\\/frekanslar\\\/#primaryimage\"},\"thumbnailUrl\":\"https:\\\/\\\/radyoseymen.com.tr\\\/wp-content\\\/uploads\\\/2024\\\/01\\\/Radyo-Seymen-Dewart-AI1.png\",\"datePublished\":\"2024-01-24T18:35:56+00:00\",\"dateModified\":\"2025-09-22T08:02:22+00:00\",\"breadcrumb\":{\"@id\":\"https:\\\/\\\/radyoseymen.com.tr\\\/index.php\\\/frekanslar\\\/#breadcrumb\"},\"inLanguage\":\"tr\",\"potentialAction\":[{\"@type\":\"ReadAction\",\"target\":[\"https:\\\/\\\/radyoseymen.com.tr\\\/index.php\\\/frekanslar\\\/\"]}]},{\"@type\":\"ImageObject\",\"inLanguage\":\"tr\",\"@id\":\"https:\\\/\\\/radyoseymen.com.tr\\\/index.php\\\/frekanslar\\\/#primaryimage\",\"url\":\"https:\\\/\\\/radyoseymen.com.tr\\\/wp-content\\\/uploads\\\/2024\\\/01\\\/Radyo-Seymen-Dewart-AI1.png\",\"contentUrl\":\"https:\\\/\\\/radyoseymen.com.tr\\\/wp-content\\\/uploads\\\/2024\\\/01\\\/Radyo-Seymen-Dewart-AI1.png\",\"width\":1216,\"height\":1115,\"caption\":\"Radyo Seymen - Dewart AI(1)\"},{\"@type\":\"BreadcrumbList\",\"@id\":\"https:\\\/\\\/radyoseymen.com.tr\\\/index.php\\\/frekanslar\\\/#breadcrumb\",\"itemListElement\":[{\"@type\":\"ListItem\",\"position\":1,\"name\":\"Anasayfa\",\"item\":\"https:\\\/\\\/radyoseymen.com.tr\\\/\"},{\"@type\":\"ListItem\",\"position\":2,\"name\":\"Frekanslar\"}]},{\"@type\":\"WebSite\",\"@id\":\"https:\\\/\\\/radyoseymen.com.tr\\\/#website\",\"url\":\"https:\\\/\\\/radyoseymen.com.tr\\\/\",\"name\":\"Radyo Seymen\",\"description\":\"T\u00fcrkiye&#039;yi Oynatan Radyo\",\"publisher\":{\"@id\":\"https:\\\/\\\/radyoseymen.com.tr\\\/#organization\"},\"potentialAction\":[{\"@type\":\"SearchAction\",\"target\":{\"@type\":\"EntryPoint\",\"urlTemplate\":\"https:\\\/\\\/radyoseymen.com.tr\\\/?s={search_term_string}\"},\"query-input\":{\"@type\":\"PropertyValueSpecification\",\"valueRequired\":true,\"valueName\":\"search_term_string\"}}],\"inLanguage\":\"tr\"},{\"@type\":\"Organization\",\"@id\":\"https:\\\/\\\/radyoseymen.com.tr\\\/#organization\",\"name\":\"Radyo Seymen\",\"url\":\"https:\\\/\\\/radyoseymen.com.tr\\\/\",\"logo\":{\"@type\":\"ImageObject\",\"inLanguage\":\"tr\",\"@id\":\"https:\\\/\\\/radyoseymen.com.tr\\\/#\\\/schema\\\/logo\\\/image\\\/\",\"url\":\"https:\\\/\\\/radyoseymen.com.tr\\\/wp-content\\\/uploads\\\/2023\\\/04\\\/radyo-seymen-logo1.png\",\"contentUrl\":\"https:\\\/\\\/radyoseymen.com.tr\\\/wp-content\\\/uploads\\\/2023\\\/04\\\/radyo-seymen-logo1.png\",\"width\":800,\"height\":386,\"caption\":\"Radyo Seymen\"},\"image\":{\"@id\":\"https:\\\/\\\/radyoseymen.com.tr\\\/#\\\/schema\\\/logo\\\/image\\\/\"},\"sameAs\":[\"https:\\\/\\\/www.facebook.com\\\/radyoseymenresmi\\\/\",\"https:\\\/\\\/www.instagram.com\\\/radyoseymenresmi\"]}]}<\/script>\n<!-- \/ Yoast SEO plugin. -->","yoast_head_json":{"title":"Frekanslar &#8211; Radyo Seymen","robots":{"index":"index","follow":"follow","max-snippet":"max-snippet:-1","max-image-preview":"max-image-preview:large","max-video-preview":"max-video-preview:-1"},"canonical":"https:\/\/radyoseymen.com.tr\/index.php\/frekanslar\/","og_locale":"tr_TR","og_type":"article","og_title":"Frekanslar &#8211; Radyo Seymen","og_description":"Dinleyicilerimizin sevdikleri \u015fark\u0131lar\u0131 duymalar\u0131n\u0131 sa\u011flamak ve m\u00fczik dolu anlar yaratmak i\u00e7in buraday\u0131z. Programc\u0131lar\u0131m\u0131z\u0131n sizlere \u00f6zel haz\u0131rlad\u0131\u011f\u0131 i\u00e7eriklerle, g\u00fcn\u00fcn her saati Radyo Seymen'de kaliteli m\u00fczi\u011fin tad\u0131n\u0131 \u00e7\u0131kar\u0131n!","og_url":"https:\/\/radyoseymen.com.tr\/index.php\/frekanslar\/","og_site_name":"Radyo Seymen","article_publisher":"https:\/\/www.facebook.com\/radyoseymenresmi\/","article_modified_time":"2025-09-22T08:02:22+00:00","og_image":[{"width":1216,"height":1115,"url":"https:\/\/radyoseymen.com.tr\/wp-content\/uploads\/2024\/01\/Radyo-Seymen-Dewart-AI1.png","type":"image\/png"}],"twitter_card":"summary_large_image","twitter_misc":{"Tahmini okuma s\u00fcresi":"1 dakika"},"schema":{"@context":"https:\/\/schema.org","@graph":[{"@type":"WebPage","@id":"https:\/\/radyoseymen.com.tr\/index.php\/frekanslar\/","url":"https:\/\/radyoseymen.com.tr\/index.php\/frekanslar\/","name":"Frekanslar &#8211; Radyo Seymen","isPartOf":{"@id":"https:\/\/radyoseymen.com.tr\/#website"},"primaryImageOfPage":{"@id":"https:\/\/radyoseymen.com.tr\/index.php\/frekanslar\/#primaryimage"},"image":{"@id":"https:\/\/radyoseymen.com.tr\/index.php\/frekanslar\/#primaryimage"},"thumbnailUrl":"https:\/\/radyoseymen.com.tr\/wp-content\/uploads\/2024\/01\/Radyo-Seymen-Dewart-AI1.png","datePublished":"2024-01-24T18:35:56+00:00","dateModified":"2025-09-22T08:02:22+00:00","breadcrumb":{"@id":"https:\/\/radyoseymen.com.tr\/index.php\/frekanslar\/#breadcrumb"},"inLanguage":"tr","potentialAction":[{"@type":"ReadAction","target":["https:\/\/radyoseymen.com.tr\/index.php\/frekanslar\/"]}]},{"@type":"ImageObject","inLanguage":"tr","@id":"https:\/\/radyoseymen.com.tr\/index.php\/frekanslar\/#primaryimage","url":"https:\/\/radyoseymen.com.tr\/wp-content\/uploads\/2024\/01\/Radyo-Seymen-Dewart-AI1.png","contentUrl":"https:\/\/radyoseymen.com.tr\/wp-content\/uploads\/2024\/01\/Radyo-Seymen-Dewart-AI1.png","width":1216,"height":1115,"caption":"Radyo Seymen - Dewart AI(1)"},{"@type":"BreadcrumbList","@id":"https:\/\/radyoseymen.com.tr\/index.php\/frekanslar\/#breadcrumb","itemListElement":[{"@type":"ListItem","position":1,"name":"Anasayfa","item":"https:\/\/radyoseymen.com.tr\/"},{"@type":"ListItem","position":2,"name":"Frekanslar"}]},{"@type":"WebSite","@id":"https:\/\/radyoseymen.com.tr\/#website","url":"https:\/\/radyoseymen.com.tr\/","name":"Radyo Seymen","description":"T\u00fcrkiye&#039;yi Oynatan Radyo","publisher":{"@id":"https:\/\/radyoseymen.com.tr\/#organization"},"potentialAction":[{"@type":"SearchAction","target":{"@type":"EntryPoint","urlTemplate":"https:\/\/radyoseymen.com.tr\/?s={search_term_string}"},"query-input":{"@type":"PropertyValueSpecification","valueRequired":true,"valueName":"search_term_string"}}],"inLanguage":"tr"},{"@type":"Organization","@id":"https:\/\/radyoseymen.com.tr\/#organization","name":"Radyo Seymen","url":"https:\/\/radyoseymen.com.tr\/","logo":{"@type":"ImageObject","inLanguage":"tr","@id":"https:\/\/radyoseymen.com.tr\/#\/schema\/logo\/image\/","url":"https:\/\/radyoseymen.com.tr\/wp-content\/uploads\/2023\/04\/radyo-seymen-logo1.png","contentUrl":"https:\/\/radyoseymen.com.tr\/wp-content\/uploads\/2023\/04\/radyo-seymen-logo1.png","width":800,"height":386,"caption":"Radyo Seymen"},"image":{"@id":"https:\/\/radyoseymen.com.tr\/#\/schema\/logo\/image\/"},"sameAs":["https:\/\/www.facebook.com\/radyoseymenresmi\/","https:\/\/www.instagram.com\/radyoseymenresmi"]}]}},"_links":{"self":[{"href":"https:\/\/radyoseymen.com.tr\/index.php\/wp-json\/wp\/v2\/pages\/989255","targetHints":{"allow":["GET"]}}],"collection":[{"href":"https:\/\/radyoseymen.com.tr\/index.php\/wp-json\/wp\/v2\/pages"}],"about":[{"href":"https:\/\/radyoseymen.com.tr\/index.php\/wp-json\/wp\/v2\/types\/page"}],"author":[{"embeddable":true,"href":"https:\/\/radyoseymen.com.tr\/index.php\/wp-json\/wp\/v2\/users\/1"}],"replies":[{"embeddable":true,"href":"https:\/\/radyoseymen.com.tr\/index.php\/wp-json\/wp\/v2\/comments?post=989255"}],"version-history":[{"count":58,"href":"https:\/\/radyoseymen.com.tr\/index.php\/wp-json\/wp\/v2\/pages\/989255\/revisions"}],"predecessor-version":[{"id":989712,"href":"https:\/\/radyoseymen.com.tr\/index.php\/wp-json\/wp\/v2\/pages\/989255\/revisions\/989712"}],"wp:featuredmedia":[{"embeddable":true,"href":"https:\/\/radyoseymen.com.tr\/index.php\/wp-json\/wp\/v2\/media\/988608"}],"wp:attachment":[{"href":"https:\/\/radyoseymen.com.tr\/index.php\/wp-json\/wp\/v2\/media?parent=989255"}],"curies":[{"name":"wp","href":"https:\/\/api.w.org\/{rel}","templated":true}]}}