{"id":96,"date":"2023-05-08T11:50:00","date_gmt":"2023-05-08T11:50:00","guid":{"rendered":"https:\/\/numerique.vamtam.com\/?page_id=96"},"modified":"2024-01-24T19:45:10","modified_gmt":"2024-01-24T19:45:10","slug":"iletisim","status":"publish","type":"page","link":"https:\/\/radyoseymen.com.tr\/index.php\/iletisim\/","title":{"rendered":"\u0130leti\u015fim"},"content":{"rendered":"\t\t<div data-elementor-type=\"wp-page\" data-elementor-id=\"96\" class=\"elementor elementor-96\" data-elementor-post-type=\"page\">\n\t\t\t\t\t\t<section class=\"elementor-section elementor-top-section elementor-element elementor-element-4939c52 elementor-section-boxed elementor-section-height-default elementor-section-height-default\" data-id=\"4939c52\" data-element_type=\"section\" data-e-type=\"section\">\n\t\t\t\t\t\t<div class=\"elementor-container elementor-column-gap-no\">\n\t\t\t\t\t<div class=\"elementor-column elementor-col-50 elementor-top-column elementor-element elementor-element-e6a2d73\" data-id=\"e6a2d73\" data-element_type=\"column\" data-e-type=\"column\">\n\t\t\t<div class=\"elementor-widget-wrap elementor-element-populated\">\n\t\t\t\t\t\t<div class=\"elementor-element elementor-element-bb7e6f6 elementor-widget__width-initial elementor-widget-mobile__width-inherit elementor-widget-tablet__width-inherit elementor-widget elementor-widget-text-editor\" data-id=\"bb7e6f6\" data-element_type=\"widget\" data-e-type=\"widget\" data-widget_type=\"text-editor.default\">\n\t\t\t\t<div class=\"elementor-widget-container\">\n\t\t\t\t\t\t\t\t\t<p>Radyo Seymen olarak, siz de\u011ferli dinleyicilerimizin g\u00f6r\u00fc\u015fleri bizim i\u00e7in \u00e7ok \u00f6nemli. Sorular\u0131n\u0131z, \u00f6nerileriniz veya geri bildirimleriniz varsa, l\u00fctfen a\u015fa\u011f\u0131daki ileti\u015fim formunu doldurun. M\u00fczi\u011fin ritmini birlikte belirleyelim&#8230;<\/p>\t\t\t\t\t\t\t\t<\/div>\n\t\t\t\t<\/div>\n\t\t\t\t<section class=\"elementor-section elementor-inner-section elementor-element elementor-element-ef4c3ad elementor-section-full_width elementor-section-height-default elementor-section-height-default\" data-id=\"ef4c3ad\" data-element_type=\"section\" data-e-type=\"section\" data-settings=\"{&quot;background_background&quot;:&quot;classic&quot;}\">\n\t\t\t\t\t\t<div class=\"elementor-container elementor-column-gap-no\">\n\t\t\t\t\t<div class=\"elementor-column elementor-col-33 elementor-inner-column elementor-element elementor-element-baea2ed\" data-id=\"baea2ed\" data-element_type=\"column\" data-e-type=\"column\">\n\t\t\t<div class=\"elementor-widget-wrap elementor-element-populated\">\n\t\t\t\t\t\t<div class=\"elementor-element elementor-element-034b722 elementor-widget elementor-widget-text-editor\" data-id=\"034b722\" data-element_type=\"widget\" data-e-type=\"widget\" data-widget_type=\"text-editor.default\">\n\t\t\t\t<div class=\"elementor-widget-container\">\n\t\t\t\t\t\t\t\t\t<p>Whatsapp Hatt\u0131:<\/p>\t\t\t\t\t\t\t\t<\/div>\n\t\t\t\t<\/div>\n\t\t\t\t<div class=\"vamtam-has-theme-widget-styles elementor-element elementor-element-a9036dd vamtam-has-underline-anim elementor-widget elementor-widget-button\" data-id=\"a9036dd\" data-element_type=\"widget\" data-e-type=\"widget\" data-widget_type=\"button.default\">\n\t\t\t\t<div class=\"elementor-widget-container\">\n\t\t\t\t\t\t\t\t\t<div class=\"elementor-button-wrapper\">\n\t\t\t\t\t<a class=\"elementor-button elementor-button-link elementor-size-sm\" href=\"https:\/\/wa.me\/+905325731070\">\n\t\t\t\t\t\t<span class=\"elementor-button-content-wrapper\">\n\t\t\t\t\t\t\t\t\t<span class=\"elementor-button-text\">+90 532 573 1070<\/span>\n\t\t\t\t\t<\/span>\n\t\t\t\t\t<\/a>\n\t\t\t\t<\/div>\n\t\t\t\t\t\t\t\t<\/div>\n\t\t\t\t<\/div>\n\t\t\t\t\t<\/div>\n\t\t<\/div>\n\t\t\t\t<div class=\"elementor-column elementor-col-33 elementor-inner-column elementor-element elementor-element-1f05d07 elementor-hidden-tablet elementor-hidden-mobile\" data-id=\"1f05d07\" data-element_type=\"column\" data-e-type=\"column\">\n\t\t\t<div class=\"elementor-widget-wrap elementor-element-populated\">\n\t\t\t\t\t\t<div class=\"elementor-element elementor-element-1aa651a elementor-widget__width-auto elementor-hidden-mobile elementor-view-default elementor-widget elementor-widget-icon\" data-id=\"1aa651a\" data-element_type=\"widget\" data-e-type=\"widget\" data-widget_type=\"icon.default\">\n\t\t\t\t<div class=\"elementor-widget-container\">\n\t\t\t\t\t\t\t<div class=\"elementor-icon-wrapper\">\n\t\t\t<div class=\"elementor-icon\">\n\t\t\t<svg xmlns=\"http:\/\/www.w3.org\/2000\/svg\" height=\"47.658278\" viewBox=\"0 0 30.8665885 47.6582776\" width=\"30.866589\"><path d=\"m10.218508 7.32750149.2269953.44550326 19.5215915 38.31328055.2269952.4455033-.8910065.4539905-.2269953-.4455033-19.52159146-38.31328055-.22699525-.44550326zm-9.99999999-8 .22699525.44550326 19.52159154 38.31328055.2269952.4455033-.8910065.4539905-.2269953-.4455033-19.52159146-38.31328055-.22699525-.44550326z\" transform=\"translate(.672499 .672499)\"><\/path><\/svg>\t\t\t<\/div>\n\t\t<\/div>\n\t\t\t\t\t\t<\/div>\n\t\t\t\t<\/div>\n\t\t\t\t\t<\/div>\n\t\t<\/div>\n\t\t\t\t<div class=\"elementor-column elementor-col-33 elementor-inner-column elementor-element elementor-element-e024415\" data-id=\"e024415\" data-element_type=\"column\" data-e-type=\"column\">\n\t\t\t<div class=\"elementor-widget-wrap elementor-element-populated\">\n\t\t\t\t\t\t<div class=\"elementor-element elementor-element-8832860 elementor-widget elementor-widget-text-editor\" data-id=\"8832860\" data-element_type=\"widget\" data-e-type=\"widget\" data-widget_type=\"text-editor.default\">\n\t\t\t\t<div class=\"elementor-widget-container\">\n\t\t\t\t\t\t\t\t\t<p>E-posta:<\/p>\t\t\t\t\t\t\t\t<\/div>\n\t\t\t\t<\/div>\n\t\t\t\t<div class=\"vamtam-has-theme-widget-styles elementor-element elementor-element-95d8e9e vamtam-has-underline-anim elementor-widget elementor-widget-button\" data-id=\"95d8e9e\" data-element_type=\"widget\" data-e-type=\"widget\" data-widget_type=\"button.default\">\n\t\t\t\t<div class=\"elementor-widget-container\">\n\t\t\t\t\t\t\t\t\t<div class=\"elementor-button-wrapper\">\n\t\t\t\t\t<a class=\"elementor-button elementor-button-link elementor-size-sm\" href=\"mailto:info@radyoseymen.com.tr\">\n\t\t\t\t\t\t<span class=\"elementor-button-content-wrapper\">\n\t\t\t\t\t\t\t\t\t<span class=\"elementor-button-text\">info@radyoseymen.com.tr<\/span>\n\t\t\t\t\t<\/span>\n\t\t\t\t\t<\/a>\n\t\t\t\t<\/div>\n\t\t\t\t\t\t\t\t<\/div>\n\t\t\t\t<\/div>\n\t\t\t\t\t<\/div>\n\t\t<\/div>\n\t\t\t\t\t<\/div>\n\t\t<\/section>\n\t\t\t\t\t<\/div>\n\t\t<\/div>\n\t\t\t\t<div class=\"elementor-column elementor-col-50 elementor-top-column elementor-element elementor-element-bc2a2fd\" data-id=\"bc2a2fd\" data-element_type=\"column\" data-e-type=\"column\">\n\t\t\t<div class=\"elementor-widget-wrap elementor-element-populated\">\n\t\t\t\t\t\t<div class=\"elementor-element elementor-element-c6c8332 elementor-widget__width-auto elementor-absolute elementor-view-default elementor-widget elementor-widget-icon\" data-id=\"c6c8332\" data-element_type=\"widget\" data-e-type=\"widget\" data-settings=\"{&quot;_position&quot;:&quot;absolute&quot;}\" data-widget_type=\"icon.default\">\n\t\t\t\t<div class=\"elementor-widget-container\">\n\t\t\t\t\t\t\t<div class=\"elementor-icon-wrapper\">\n\t\t\t<div class=\"elementor-icon\">\n\t\t\t<i aria-hidden=\"true\" class=\"icon icon-message\"><\/i>\t\t\t<\/div>\n\t\t<\/div>\n\t\t\t\t\t\t<\/div>\n\t\t\t\t<\/div>\n\t\t\t\t<div class=\"vamtam-has-theme-widget-styles elementor-element elementor-element-9811362 elementor-button-align-stretch vamtam-has-underline-anim elementor-widget elementor-widget-form\" data-id=\"9811362\" data-element_type=\"widget\" data-e-type=\"widget\" data-settings=\"{&quot;step_next_label&quot;:&quot;\\u0130leri&quot;,&quot;step_previous_label&quot;:&quot;Geri&quot;,&quot;button_width&quot;:&quot;100&quot;,&quot;step_type&quot;:&quot;number_text&quot;,&quot;step_icon_shape&quot;:&quot;circle&quot;}\" data-widget_type=\"form.default\">\n\t\t\t\t<div class=\"elementor-widget-container\">\n\t\t\t\t\t\t\t<form class=\"elementor-form\" method=\"post\" name=\"\u0130let\u015fim Formu\">\n\t\t\t<input type=\"hidden\" name=\"post_id\" value=\"96\"\/>\n\t\t\t<input type=\"hidden\" name=\"form_id\" value=\"9811362\"\/>\n\t\t\t<input type=\"hidden\" name=\"referer_title\" value=\"\u0130leti\u015fim &#8211; Radyo Seymen\" \/>\n\n\t\t\t\t\t\t\t<input type=\"hidden\" name=\"queried_id\" value=\"96\"\/>\n\t\t\t\n\t\t\t<div class=\"elementor-form-fields-wrapper elementor-labels-above\">\n\t\t\t\t\t\t\t\t<div class=\"elementor-field-type-text elementor-field-group elementor-column elementor-field-group-name elementor-col-100\">\n\t\t\t\t\t\t\t\t\t\t\t\t\t<input size=\"1\" type=\"text\" name=\"form_fields[name]\" id=\"form-field-name\" class=\"elementor-field elementor-size-sm  elementor-field-textual\" placeholder=\"Ad Soyad\">\n\t\t\t\t\t\t\t\t\t\t\t<\/div>\n\t\t\t\t\t\t\t\t<div class=\"elementor-field-type-email elementor-field-group elementor-column elementor-field-group-email elementor-col-100 elementor-field-required\">\n\t\t\t\t\t\t\t\t\t\t\t\t\t<input size=\"1\" type=\"email\" name=\"form_fields[email]\" id=\"form-field-email\" class=\"elementor-field elementor-size-sm  elementor-field-textual\" placeholder=\"E-posta\" required=\"required\">\n\t\t\t\t\t\t\t\t\t\t\t<\/div>\n\t\t\t\t\t\t\t\t<div class=\"elementor-field-type-tel elementor-field-group elementor-column elementor-field-group-field_597bd0b elementor-col-100\">\n\t\t\t\t\t\t\t<input size=\"1\" type=\"tel\" name=\"form_fields[field_597bd0b]\" id=\"form-field-field_597bd0b\" class=\"elementor-field elementor-size-sm  elementor-field-textual\" placeholder=\"Telefon\" pattern=\"[0-9()#&amp;+*-=.]+\" title=\"Only numbers and phone characters (#, -, *, etc) are accepted.\">\n\n\t\t\t\t\t\t<\/div>\n\t\t\t\t\t\t\t\t<div class=\"elementor-field-type-textarea elementor-field-group elementor-column elementor-field-group-message elementor-col-100\">\n\t\t\t\t\t<textarea class=\"elementor-field-textual elementor-field  elementor-size-sm\" name=\"form_fields[message]\" id=\"form-field-message\" rows=\"4\" placeholder=\"Mesaj\u0131n\u0131z\"><\/textarea>\t\t\t\t<\/div>\n\t\t\t\t\t\t\t\t<div class=\"elementor-field-group elementor-column elementor-field-type-submit elementor-col-100 e-form__buttons\">\n\t\t\t\t\t<button class=\"elementor-button elementor-size-sm\" type=\"submit\">\n\t\t\t\t\t\t<span class=\"elementor-button-content-wrapper\">\n\t\t\t\t\t\t\t\t\t\t\t\t\t\t\t<span class=\"elementor-button-icon\">\n\t\t\t\t\t\t\t\t\t<i aria-hidden=\"true\" class=\"vamtamtheme- vamtam-theme-arrow-right\"><\/i>\t\t\t\t\t\t\t\t\t\t\t\t\t\t\t\t\t<\/span>\n\t\t\t\t\t\t\t\t\t\t\t\t\t\t\t\t\t\t\t\t\t\t<span class=\"elementor-button-text\">G\u00f6nder<\/span>\n\t\t\t\t\t\t\t\t\t\t\t\t\t<\/span>\n\t\t\t\t\t<\/button>\n\t\t\t\t<\/div>\n\t\t\t<\/div>\n\t\t<\/form>\n\t\t\t\t\t\t<\/div>\n\t\t\t\t<\/div>\n\t\t\t\t\t<\/div>\n\t\t<\/div>\n\t\t\t\t\t<\/div>\n\t\t<\/section>\n\t\t\t\t<section class=\"elementor-section elementor-top-section elementor-element elementor-element-18a0bde elementor-section-boxed elementor-section-height-default elementor-section-height-default\" data-id=\"18a0bde\" data-element_type=\"section\" data-e-type=\"section\">\n\t\t\t\t\t\t<div class=\"elementor-container elementor-column-gap-no\">\n\t\t\t\t\t<div class=\"elementor-column elementor-col-100 elementor-top-column elementor-element elementor-element-783c014\" data-id=\"783c014\" data-element_type=\"column\" data-e-type=\"column\">\n\t\t\t<div class=\"elementor-widget-wrap elementor-element-populated\">\n\t\t\t\t\t\t<div class=\"elementor-element elementor-element-2fceac9 elementor-widget elementor-widget-global elementor-global-3575 elementor-widget-spacer\" data-id=\"2fceac9\" data-element_type=\"widget\" data-e-type=\"widget\" data-widget_type=\"spacer.default\">\n\t\t\t\t<div class=\"elementor-widget-container\">\n\t\t\t\t\t\t\t<div class=\"elementor-spacer\">\n\t\t\t<div class=\"elementor-spacer-inner\"><\/div>\n\t\t<\/div>\n\t\t\t\t\t\t<\/div>\n\t\t\t\t<\/div>\n\t\t\t\t\t<\/div>\n\t\t<\/div>\n\t\t\t\t\t<\/div>\n\t\t<\/section>\n\t\t<div class=\"elementor-element elementor-element-7f23082c e-flex e-con-boxed e-con e-parent\" data-id=\"7f23082c\" data-element_type=\"container\" data-e-type=\"container\" data-settings=\"{&quot;position&quot;:&quot;fixed&quot;}\">\n\t\t\t\t\t<div class=\"e-con-inner\">\n\t\t\t\t<div class=\"elementor-element elementor-element-7fb4f935 elementor-fixed elementor-widget elementor-widget-elementskit-back-to-top\" data-id=\"7fb4f935\" data-element_type=\"widget\" data-e-type=\"widget\" data-settings=\"{&quot;_position&quot;:&quot;fixed&quot;}\" data-widget_type=\"elementskit-back-to-top.default\">\n\t\t\t\t<div class=\"elementor-widget-container\">\n\t\t\t\t\t<div class=\"ekit-wid-con\" >\t\t\t<div class=\"ekit-back-to-top-container ekit-btt progress_indicator\" data-settings=\"{&quot;offset_top&quot;:0,&quot;show_after&quot;:400,&quot;show_scroll&quot;:&quot;yes&quot;,&quot;style&quot;:&quot;progress_indicator&quot;,&quot;foreground&quot;:&quot;#FF5050&quot;,&quot;background&quot;:&quot;#eee&quot;}\"> \n\t\t\t\t<span class=\"ekit-btt__button yes\">\n\t\t\t\t\t\t\t\t\t\t\t\t<div class=\"progress_indicator\" >\n\t\t\t\t\t\t\t\t<canvas id=\"canvas-7fb4f935\" class=\"canvas\" data-canvas=\"7fb4f935\"><\/canvas>\n\t\t\t\t\t\t\t\t<span><i aria-hidden=\"true\" class=\"icon icon-up-arrow1\"><\/i><\/span>\n\t\t\t\t\t\t\t<\/div>\n\t\t\t\t\t\t\t\t\t\t\t<\/span>\n\t\t\t<\/div>\n\t\t<\/div>\t\t\t\t<\/div>\n\t\t\t\t<\/div>\n\t\t\t\t\t<\/div>\n\t\t\t\t<\/div>\n\t\t\t\t<\/div>\n\t\t","protected":false},"excerpt":{"rendered":"<p>Radyo Seymen olarak, siz de\u011ferli dinleyicilerimizin g\u00f6r\u00fc\u015fleri bizim i\u00e7in \u00e7ok \u00f6nemli. Sorular\u0131n\u0131z, \u00f6nerileriniz veya geri bildirimleriniz varsa, l\u00fctfen a\u015fa\u011f\u0131daki ileti\u015fim formunu doldurun. M\u00fczi\u011fin ritmini birlikte belirleyelim&#8230; Whatsapp Hatt\u0131: +90 532 573 1070 E-posta: info@radyoseymen.com.tr<\/p>\n","protected":false},"author":1,"featured_media":0,"parent":0,"menu_order":0,"comment_status":"closed","ping_status":"closed","template":"","meta":{"footnotes":""},"class_list":["post-96","page","type-page","status-publish","hentry"],"yoast_head":"<!-- This site is optimized with the Yoast SEO plugin v27.5 - https:\/\/yoast.com\/product\/yoast-seo-wordpress\/ -->\n<title>\u0130leti\u015fim &#8211; Radyo Seymen<\/title>\n<meta name=\"robots\" content=\"index, follow, max-snippet:-1, max-image-preview:large, max-video-preview:-1\" \/>\n<link rel=\"canonical\" href=\"https:\/\/radyoseymen.com.tr\/index.php\/iletisim\/\" \/>\n<meta property=\"og:locale\" content=\"tr_TR\" \/>\n<meta property=\"og:type\" content=\"article\" \/>\n<meta property=\"og:title\" content=\"\u0130leti\u015fim &#8211; Radyo Seymen\" \/>\n<meta property=\"og:description\" content=\"Radyo Seymen olarak, siz de\u011ferli dinleyicilerimizin g\u00f6r\u00fc\u015fleri bizim i\u00e7in \u00e7ok \u00f6nemli. Sorular\u0131n\u0131z, \u00f6nerileriniz veya geri bildirimleriniz varsa, l\u00fctfen a\u015fa\u011f\u0131daki ileti\u015fim formunu doldurun. M\u00fczi\u011fin ritmini birlikte belirleyelim&#8230; Whatsapp Hatt\u0131: +90 532 573 1070 E-posta: info@radyoseymen.com.tr\" \/>\n<meta property=\"og:url\" content=\"https:\/\/radyoseymen.com.tr\/index.php\/iletisim\/\" \/>\n<meta property=\"og:site_name\" content=\"Radyo Seymen\" \/>\n<meta property=\"article:publisher\" content=\"https:\/\/www.facebook.com\/radyoseymenresmi\/\" \/>\n<meta property=\"article:modified_time\" content=\"2024-01-24T19:45:10+00:00\" \/>\n<meta property=\"og:image\" content=\"https:\/\/radyoseymen.com.tr\/wp-content\/uploads\/2024\/02\/radyo-seymen-cover.jpg\" \/>\n\t<meta property=\"og:image:width\" content=\"1200\" \/>\n\t<meta property=\"og:image:height\" content=\"675\" \/>\n\t<meta property=\"og:image:type\" content=\"image\/jpeg\" \/>\n<meta name=\"twitter:card\" content=\"summary_large_image\" \/>\n<script type=\"application\/ld+json\" class=\"yoast-schema-graph\">{\"@context\":\"https:\\\/\\\/schema.org\",\"@graph\":[{\"@type\":\"WebPage\",\"@id\":\"https:\\\/\\\/radyoseymen.com.tr\\\/index.php\\\/iletisim\\\/\",\"url\":\"https:\\\/\\\/radyoseymen.com.tr\\\/index.php\\\/iletisim\\\/\",\"name\":\"\u0130leti\u015fim &#8211; Radyo Seymen\",\"isPartOf\":{\"@id\":\"https:\\\/\\\/radyoseymen.com.tr\\\/#website\"},\"datePublished\":\"2023-05-08T11:50:00+00:00\",\"dateModified\":\"2024-01-24T19:45:10+00:00\",\"breadcrumb\":{\"@id\":\"https:\\\/\\\/radyoseymen.com.tr\\\/index.php\\\/iletisim\\\/#breadcrumb\"},\"inLanguage\":\"tr\",\"potentialAction\":[{\"@type\":\"ReadAction\",\"target\":[\"https:\\\/\\\/radyoseymen.com.tr\\\/index.php\\\/iletisim\\\/\"]}]},{\"@type\":\"BreadcrumbList\",\"@id\":\"https:\\\/\\\/radyoseymen.com.tr\\\/index.php\\\/iletisim\\\/#breadcrumb\",\"itemListElement\":[{\"@type\":\"ListItem\",\"position\":1,\"name\":\"Anasayfa\",\"item\":\"https:\\\/\\\/radyoseymen.com.tr\\\/\"},{\"@type\":\"ListItem\",\"position\":2,\"name\":\"\u0130leti\u015fim\"}]},{\"@type\":\"WebSite\",\"@id\":\"https:\\\/\\\/radyoseymen.com.tr\\\/#website\",\"url\":\"https:\\\/\\\/radyoseymen.com.tr\\\/\",\"name\":\"Radyo Seymen\",\"description\":\"T\u00fcrkiye&#039;yi Oynatan Radyo\",\"publisher\":{\"@id\":\"https:\\\/\\\/radyoseymen.com.tr\\\/#organization\"},\"potentialAction\":[{\"@type\":\"SearchAction\",\"target\":{\"@type\":\"EntryPoint\",\"urlTemplate\":\"https:\\\/\\\/radyoseymen.com.tr\\\/?s={search_term_string}\"},\"query-input\":{\"@type\":\"PropertyValueSpecification\",\"valueRequired\":true,\"valueName\":\"search_term_string\"}}],\"inLanguage\":\"tr\"},{\"@type\":\"Organization\",\"@id\":\"https:\\\/\\\/radyoseymen.com.tr\\\/#organization\",\"name\":\"Radyo Seymen\",\"url\":\"https:\\\/\\\/radyoseymen.com.tr\\\/\",\"logo\":{\"@type\":\"ImageObject\",\"inLanguage\":\"tr\",\"@id\":\"https:\\\/\\\/radyoseymen.com.tr\\\/#\\\/schema\\\/logo\\\/image\\\/\",\"url\":\"https:\\\/\\\/radyoseymen.com.tr\\\/wp-content\\\/uploads\\\/2023\\\/04\\\/radyo-seymen-logo1.png\",\"contentUrl\":\"https:\\\/\\\/radyoseymen.com.tr\\\/wp-content\\\/uploads\\\/2023\\\/04\\\/radyo-seymen-logo1.png\",\"width\":800,\"height\":386,\"caption\":\"Radyo Seymen\"},\"image\":{\"@id\":\"https:\\\/\\\/radyoseymen.com.tr\\\/#\\\/schema\\\/logo\\\/image\\\/\"},\"sameAs\":[\"https:\\\/\\\/www.facebook.com\\\/radyoseymenresmi\\\/\",\"https:\\\/\\\/www.instagram.com\\\/radyoseymenresmi\"]}]}<\/script>\n<!-- \/ Yoast SEO plugin. -->","yoast_head_json":{"title":"\u0130leti\u015fim &#8211; Radyo Seymen","robots":{"index":"index","follow":"follow","max-snippet":"max-snippet:-1","max-image-preview":"max-image-preview:large","max-video-preview":"max-video-preview:-1"},"canonical":"https:\/\/radyoseymen.com.tr\/index.php\/iletisim\/","og_locale":"tr_TR","og_type":"article","og_title":"\u0130leti\u015fim &#8211; Radyo Seymen","og_description":"Radyo Seymen olarak, siz de\u011ferli dinleyicilerimizin g\u00f6r\u00fc\u015fleri bizim i\u00e7in \u00e7ok \u00f6nemli. Sorular\u0131n\u0131z, \u00f6nerileriniz veya geri bildirimleriniz varsa, l\u00fctfen a\u015fa\u011f\u0131daki ileti\u015fim formunu doldurun. M\u00fczi\u011fin ritmini birlikte belirleyelim&#8230; Whatsapp Hatt\u0131: +90 532 573 1070 E-posta: info@radyoseymen.com.tr","og_url":"https:\/\/radyoseymen.com.tr\/index.php\/iletisim\/","og_site_name":"Radyo Seymen","article_publisher":"https:\/\/www.facebook.com\/radyoseymenresmi\/","article_modified_time":"2024-01-24T19:45:10+00:00","og_image":[{"width":1200,"height":675,"url":"https:\/\/radyoseymen.com.tr\/wp-content\/uploads\/2024\/02\/radyo-seymen-cover.jpg","type":"image\/jpeg"}],"twitter_card":"summary_large_image","schema":{"@context":"https:\/\/schema.org","@graph":[{"@type":"WebPage","@id":"https:\/\/radyoseymen.com.tr\/index.php\/iletisim\/","url":"https:\/\/radyoseymen.com.tr\/index.php\/iletisim\/","name":"\u0130leti\u015fim &#8211; Radyo Seymen","isPartOf":{"@id":"https:\/\/radyoseymen.com.tr\/#website"},"datePublished":"2023-05-08T11:50:00+00:00","dateModified":"2024-01-24T19:45:10+00:00","breadcrumb":{"@id":"https:\/\/radyoseymen.com.tr\/index.php\/iletisim\/#breadcrumb"},"inLanguage":"tr","potentialAction":[{"@type":"ReadAction","target":["https:\/\/radyoseymen.com.tr\/index.php\/iletisim\/"]}]},{"@type":"BreadcrumbList","@id":"https:\/\/radyoseymen.com.tr\/index.php\/iletisim\/#breadcrumb","itemListElement":[{"@type":"ListItem","position":1,"name":"Anasayfa","item":"https:\/\/radyoseymen.com.tr\/"},{"@type":"ListItem","position":2,"name":"\u0130leti\u015fim"}]},{"@type":"WebSite","@id":"https:\/\/radyoseymen.com.tr\/#website","url":"https:\/\/radyoseymen.com.tr\/","name":"Radyo Seymen","description":"T\u00fcrkiye&#039;yi Oynatan Radyo","publisher":{"@id":"https:\/\/radyoseymen.com.tr\/#organization"},"potentialAction":[{"@type":"SearchAction","target":{"@type":"EntryPoint","urlTemplate":"https:\/\/radyoseymen.com.tr\/?s={search_term_string}"},"query-input":{"@type":"PropertyValueSpecification","valueRequired":true,"valueName":"search_term_string"}}],"inLanguage":"tr"},{"@type":"Organization","@id":"https:\/\/radyoseymen.com.tr\/#organization","name":"Radyo Seymen","url":"https:\/\/radyoseymen.com.tr\/","logo":{"@type":"ImageObject","inLanguage":"tr","@id":"https:\/\/radyoseymen.com.tr\/#\/schema\/logo\/image\/","url":"https:\/\/radyoseymen.com.tr\/wp-content\/uploads\/2023\/04\/radyo-seymen-logo1.png","contentUrl":"https:\/\/radyoseymen.com.tr\/wp-content\/uploads\/2023\/04\/radyo-seymen-logo1.png","width":800,"height":386,"caption":"Radyo Seymen"},"image":{"@id":"https:\/\/radyoseymen.com.tr\/#\/schema\/logo\/image\/"},"sameAs":["https:\/\/www.facebook.com\/radyoseymenresmi\/","https:\/\/www.instagram.com\/radyoseymenresmi"]}]}},"_links":{"self":[{"href":"https:\/\/radyoseymen.com.tr\/index.php\/wp-json\/wp\/v2\/pages\/96","targetHints":{"allow":["GET"]}}],"collection":[{"href":"https:\/\/radyoseymen.com.tr\/index.php\/wp-json\/wp\/v2\/pages"}],"about":[{"href":"https:\/\/radyoseymen.com.tr\/index.php\/wp-json\/wp\/v2\/types\/page"}],"author":[{"embeddable":true,"href":"https:\/\/radyoseymen.com.tr\/index.php\/wp-json\/wp\/v2\/users\/1"}],"replies":[{"embeddable":true,"href":"https:\/\/radyoseymen.com.tr\/index.php\/wp-json\/wp\/v2\/comments?post=96"}],"version-history":[{"count":51,"href":"https:\/\/radyoseymen.com.tr\/index.php\/wp-json\/wp\/v2\/pages\/96\/revisions"}],"predecessor-version":[{"id":989376,"href":"https:\/\/radyoseymen.com.tr\/index.php\/wp-json\/wp\/v2\/pages\/96\/revisions\/989376"}],"wp:attachment":[{"href":"https:\/\/radyoseymen.com.tr\/index.php\/wp-json\/wp\/v2\/media?parent=96"}],"curies":[{"name":"wp","href":"https:\/\/api.w.org\/{rel}","templated":true}]}}