{"id":21,"date":"2023-05-05T12:20:26","date_gmt":"2023-05-05T12:20:26","guid":{"rendered":"https:\/\/numerique.vamtam.com\/?page_id=21"},"modified":"2025-04-23T09:29:09","modified_gmt":"2025-04-23T09:29:09","slug":"anasayfa","status":"publish","type":"page","link":"https:\/\/radyoseymen.com.tr\/","title":{"rendered":"Anasayfa"},"content":{"rendered":"\t\t<div data-elementor-type=\"wp-page\" data-elementor-id=\"21\" class=\"elementor elementor-21\" data-elementor-post-type=\"page\">\n\t\t\t\t<div class=\"elementor-element elementor-element-7520f469 e-flex e-con-boxed e-con e-parent\" data-id=\"7520f469\" data-element_type=\"container\" data-e-type=\"container\" data-settings=\"{&quot;background_background&quot;:&quot;gradient&quot;}\">\n\t\t\t\t\t<div class=\"e-con-inner\">\n\t\t\t\t<div class=\"elementor-element elementor-element-5226e723 elementor-widget__width-initial elementor-widget-tablet__width-inherit elementor-widget elementor-widget-image\" data-id=\"5226e723\" data-element_type=\"widget\" data-e-type=\"widget\" data-widget_type=\"image.default\">\n\t\t\t\t<div class=\"elementor-widget-container\">\n\t\t\t\t\t\t\t\t\t\t\t\t\t\t\t<img fetchpriority=\"high\" decoding=\"async\" width=\"1024\" height=\"939\" src=\"https:\/\/radyoseymen.com.tr\/wp-content\/uploads\/2024\/01\/Radyo-Seymen-Dewart-AI1-1024x939.png\" class=\"attachment-large size-large wp-image-988608\" alt=\"Radyo Seymen - Dewart AI(1)\" srcset=\"https:\/\/radyoseymen.com.tr\/wp-content\/uploads\/2024\/01\/Radyo-Seymen-Dewart-AI1-1024x939.png 1024w, https:\/\/radyoseymen.com.tr\/wp-content\/uploads\/2024\/01\/Radyo-Seymen-Dewart-AI1-300x275.png 300w, https:\/\/radyoseymen.com.tr\/wp-content\/uploads\/2024\/01\/Radyo-Seymen-Dewart-AI1-768x704.png 768w, https:\/\/radyoseymen.com.tr\/wp-content\/uploads\/2024\/01\/Radyo-Seymen-Dewart-AI1.png 1216w\" sizes=\"(max-width: 1024px) 100vw, 1024px\" \/>\t\t\t\t\t\t\t\t\t\t\t\t\t\t\t<\/div>\n\t\t\t\t<\/div>\n\t\t<div class=\"elementor-element elementor-element-77c11ba1 e-con-full e-flex e-con e-child\" data-id=\"77c11ba1\" data-element_type=\"container\" data-e-type=\"container\">\n\t\t\t\t<div class=\"elementor-element elementor-element-c39704a elementor-hidden-mobile elementor-widget elementor-widget-elementskit-heading\" data-id=\"c39704a\" data-element_type=\"widget\" data-e-type=\"widget\" data-widget_type=\"elementskit-heading.default\">\n\t\t\t\t<div class=\"elementor-widget-container\">\n\t\t\t\t\t<div class=\"ekit-wid-con\" ><div class=\"ekit-heading elementskit-section-title-wraper text_left   ekit_heading_tablet-   ekit_heading_mobile-text_left\"><h2 class=\"ekit-heading--title elementskit-section-title text_fill ekit-heading__title-has-border start\">T\u00fcrkiye'yi <span><span>oynatan radyo frekans\u0131!<\/span><\/span><\/h2><\/div><\/div>\t\t\t\t<\/div>\n\t\t\t\t<\/div>\n\t\t\t\t<div class=\"elementor-element elementor-element-ed52d4a elementor-hidden-desktop elementor-hidden-tablet elementor-widget elementor-widget-elementskit-heading\" data-id=\"ed52d4a\" data-element_type=\"widget\" data-e-type=\"widget\" data-widget_type=\"elementskit-heading.default\">\n\t\t\t\t<div class=\"elementor-widget-container\">\n\t\t\t\t\t<div class=\"ekit-wid-con\" ><div class=\"ekit-heading elementskit-section-title-wraper text_left   ekit_heading_tablet-   ekit_heading_mobile-text_center\"><h2 class=\"ekit-heading--title elementskit-section-title text_fill\">T\u00fcrkiye'yi <span><span>oynatan radyo frekans\u0131!<\/span><\/span><\/h2><\/div><\/div>\t\t\t\t<\/div>\n\t\t\t\t<\/div>\n\t\t\t\t<div class=\"elementor-element elementor-element-3747a0da elementor-widget elementor-widget-text-editor\" data-id=\"3747a0da\" data-element_type=\"widget\" data-e-type=\"widget\" data-widget_type=\"text-editor.default\">\n\t\t\t\t<div class=\"elementor-widget-container\">\n\t\t\t\t\t\t\t\t\t<p>Radyo Seymen ile Ankara havalar\u0131n\u0131n co\u015fkusunu her yere ta\u015f\u0131yoruz. 2010&#8217;dan beri, ritmin ve e\u011flencenin tek adresi. <\/p>\t\t\t\t\t\t\t\t<\/div>\n\t\t\t\t<\/div>\n\t\t\t\t<div class=\"vamtam-has-theme-widget-styles elementor-element elementor-element-1084ef7f elementor-align-left elementor-mobile-align-left elementor-tablet-align-center elementor-widget elementor-widget-button\" data-id=\"1084ef7f\" data-element_type=\"widget\" data-e-type=\"widget\" data-widget_type=\"button.default\">\n\t\t\t\t<div class=\"elementor-widget-container\">\n\t\t\t\t\t\t\t\t\t<div class=\"elementor-button-wrapper\">\n\t\t\t\t\t<a class=\"elementor-button elementor-button-link elementor-size-sm elementor-animation-shrink\" href=\"https:\/\/radyoseymen.com.tr\/index.php\/canli-dinle\/\">\n\t\t\t\t\t\t<span class=\"elementor-button-content-wrapper\">\n\t\t\t\t\t\t<span class=\"elementor-button-icon\">\n\t\t\t\t<i aria-hidden=\"true\" class=\"fas fa-play\"><\/i>\t\t\t<\/span>\n\t\t\t\t\t\t\t\t\t<span class=\"elementor-button-text\">CANLI D\u0130NLE<\/span>\n\t\t\t\t\t<\/span>\n\t\t\t\t\t<\/a>\n\t\t\t\t<\/div>\n\t\t\t\t\t\t\t\t<\/div>\n\t\t\t\t<\/div>\n\t\t\t\t<\/div>\n\t\t\t\t\t<\/div>\n\t\t\t\t<\/div>\n\t\t\t\t<section class=\"elementor-section elementor-top-section elementor-element elementor-element-5aabbdf7 elementor-section-boxed elementor-section-height-default elementor-section-height-default\" data-id=\"5aabbdf7\" data-element_type=\"section\" data-e-type=\"section\" data-settings=\"{&quot;background_background&quot;:&quot;classic&quot;}\">\n\t\t\t\t\t\t<div class=\"elementor-container elementor-column-gap-no\">\n\t\t\t\t\t<div class=\"elementor-column elementor-col-33 elementor-top-column elementor-element elementor-element-4388f323\" data-id=\"4388f323\" data-element_type=\"column\" data-e-type=\"column\">\n\t\t\t<div class=\"elementor-widget-wrap elementor-element-populated\">\n\t\t\t\t\t\t<div class=\"elementor-element elementor-element-12394d17 elementor-widget__width-auto elementor-widget elementor-widget-image\" data-id=\"12394d17\" data-element_type=\"widget\" data-e-type=\"widget\" data-widget_type=\"image.default\">\n\t\t\t\t<div class=\"elementor-widget-container\">\n\t\t\t\t\t\t\t\t\t\t\t\t\t\t\t<img decoding=\"async\" src=\"https:\/\/radyoseymen.com.tr\/wp-content\/uploads\/elementor\/thumbs\/Radyo-Seymen-Slide-1A-qw7sgkabcf0lf086osebejxh87v181tk3w67ot06ns.jpg\" title=\"Radyo Seymen Slide 1A\" alt=\"radyo seymen slide\" class=\"elementor-animation-float\" loading=\"lazy\" \/>\t\t\t\t\t\t\t\t\t\t\t\t\t\t\t<\/div>\n\t\t\t\t<\/div>\n\t\t\t\t<div class=\"elementor-element elementor-element-73e8d29f elementor-widget__width-auto elementor-hidden-desktop elementor-hidden-tablet elementor-hidden-mobile elementor-widget elementor-widget-image\" data-id=\"73e8d29f\" data-element_type=\"widget\" data-e-type=\"widget\" data-widget_type=\"image.default\">\n\t\t\t\t<div class=\"elementor-widget-container\">\n\t\t\t\t\t\t\t\t\t\t\t\t\t\t\t<img decoding=\"async\" width=\"300\" height=\"300\" src=\"https:\/\/radyoseymen.com.tr\/wp-content\/uploads\/2024\/01\/Radyo-Seymen-Karakiz1-300x300.png\" class=\"elementor-animation-float attachment-medium size-medium wp-image-988183\" alt=\"Karak\u0131z\" srcset=\"https:\/\/radyoseymen.com.tr\/wp-content\/uploads\/2024\/01\/Radyo-Seymen-Karakiz1-300x300.png 300w, https:\/\/radyoseymen.com.tr\/wp-content\/uploads\/2024\/01\/Radyo-Seymen-Karakiz1-150x150.png 150w, https:\/\/radyoseymen.com.tr\/wp-content\/uploads\/2024\/01\/Radyo-Seymen-Karakiz1.png 750w\" sizes=\"(max-width: 300px) 100vw, 300px\" \/>\t\t\t\t\t\t\t\t\t\t\t\t\t\t\t<\/div>\n\t\t\t\t<\/div>\n\t\t\t\t<div class=\"elementor-element elementor-element-20595870 elementor-widget__width-auto elementor-hidden-desktop elementor-hidden-tablet elementor-hidden-mobile elementor-widget elementor-widget-image\" data-id=\"20595870\" data-element_type=\"widget\" data-e-type=\"widget\" data-widget_type=\"image.default\">\n\t\t\t\t<div class=\"elementor-widget-container\">\n\t\t\t\t\t\t\t\t\t\t\t\t\t\t\t<img decoding=\"async\" width=\"300\" height=\"300\" src=\"https:\/\/radyoseymen.com.tr\/wp-content\/uploads\/2024\/01\/Radyo-Seymen-Irem-Kizla-Eve-Donus1-300x300.png\" class=\"elementor-animation-float attachment-medium size-medium wp-image-988182\" alt=\"\u0130rem K\u0131zla Eve D\u00f6n\u00fc\u015f\" srcset=\"https:\/\/radyoseymen.com.tr\/wp-content\/uploads\/2024\/01\/Radyo-Seymen-Irem-Kizla-Eve-Donus1-300x300.png 300w, https:\/\/radyoseymen.com.tr\/wp-content\/uploads\/2024\/01\/Radyo-Seymen-Irem-Kizla-Eve-Donus1-150x150.png 150w, https:\/\/radyoseymen.com.tr\/wp-content\/uploads\/2024\/01\/Radyo-Seymen-Irem-Kizla-Eve-Donus1.png 750w\" sizes=\"(max-width: 300px) 100vw, 300px\" \/>\t\t\t\t\t\t\t\t\t\t\t\t\t\t\t<\/div>\n\t\t\t\t<\/div>\n\t\t\t\t<div class=\"elementor-element elementor-element-67a3ae38 elementor-widget__width-auto elementor-hidden-desktop elementor-hidden-tablet elementor-hidden-mobile elementor-widget elementor-widget-image\" data-id=\"67a3ae38\" data-element_type=\"widget\" data-e-type=\"widget\" data-widget_type=\"image.default\">\n\t\t\t\t<div class=\"elementor-widget-container\">\n\t\t\t\t\t\t\t\t\t\t\t\t\t\t\t<img loading=\"lazy\" decoding=\"async\" width=\"300\" height=\"300\" src=\"https:\/\/radyoseymen.com.tr\/wp-content\/uploads\/2024\/01\/Radyo-Seymen-Haci-Dayi1-300x300.png\" class=\"elementor-animation-float attachment-medium size-medium wp-image-988181\" alt=\"Hac\u0131 Day\u0131\" srcset=\"https:\/\/radyoseymen.com.tr\/wp-content\/uploads\/2024\/01\/Radyo-Seymen-Haci-Dayi1-300x300.png 300w, https:\/\/radyoseymen.com.tr\/wp-content\/uploads\/2024\/01\/Radyo-Seymen-Haci-Dayi1-150x150.png 150w, https:\/\/radyoseymen.com.tr\/wp-content\/uploads\/2024\/01\/Radyo-Seymen-Haci-Dayi1.png 750w\" sizes=\"(max-width: 300px) 100vw, 300px\" \/>\t\t\t\t\t\t\t\t\t\t\t\t\t\t\t<\/div>\n\t\t\t\t<\/div>\n\t\t\t\t<div class=\"vamtam-has-theme-widget-styles elementor-element elementor-element-2d93d451 elementor-widget__width-auto elementor-mobile-align-center elementor-widget-mobile__width-inherit vamtam-has-underline-anim elementor-widget elementor-widget-button\" data-id=\"2d93d451\" data-element_type=\"widget\" data-e-type=\"widget\" data-widget_type=\"button.default\">\n\t\t\t\t<div class=\"elementor-widget-container\">\n\t\t\t\t\t\t\t\t\t<div class=\"elementor-button-wrapper\">\n\t\t\t\t\t<a class=\"elementor-button elementor-button-link elementor-size-sm\" href=\"https:\/\/radyoseymen.com.tr\/index.php\/frekanslar\/\">\n\t\t\t\t\t\t<span class=\"elementor-button-content-wrapper\">\n\t\t\t\t\t\t<span class=\"elementor-button-icon\">\n\t\t\t\t<i aria-hidden=\"true\" class=\"vamtamtheme- vamtam-theme-arrow-right\"><\/i>\t\t\t<\/span>\n\t\t\t\t\t\t\t\t\t<span class=\"elementor-button-text\">Frekanslar\u0131 g\u00f6r\u00fcnt\u00fcle<\/span>\n\t\t\t\t\t<\/span>\n\t\t\t\t\t<\/a>\n\t\t\t\t<\/div>\n\t\t\t\t\t\t\t\t<\/div>\n\t\t\t\t<\/div>\n\t\t\t\t\t<\/div>\n\t\t<\/div>\n\t\t\t\t<div class=\"elementor-column elementor-col-33 elementor-top-column elementor-element elementor-element-77ff1c00\" data-id=\"77ff1c00\" data-element_type=\"column\" data-e-type=\"column\">\n\t\t\t<div class=\"elementor-widget-wrap\">\n\t\t\t\t\t\t\t<\/div>\n\t\t<\/div>\n\t\t\t\t<div class=\"elementor-column elementor-col-33 elementor-top-column elementor-element elementor-element-2c606185\" data-id=\"2c606185\" data-element_type=\"column\" data-e-type=\"column\">\n\t\t\t<div class=\"elementor-widget-wrap elementor-element-populated\">\n\t\t\t\t\t\t<div class=\"elementor-element elementor-element-613435f3 elementor-icon-list--layout-inline elementor-align-end elementor-mobile-align-center elementor-widget__width-auto elementor-widget-mobile__width-inherit elementor-list-item-link-full_width elementor-widget elementor-widget-icon-list\" data-id=\"613435f3\" data-element_type=\"widget\" data-e-type=\"widget\" data-widget_type=\"icon-list.default\">\n\t\t\t\t<div class=\"elementor-widget-container\">\n\t\t\t\t\t\t\t<ul class=\"elementor-icon-list-items elementor-inline-items\">\n\t\t\t\t\t\t\t<li class=\"elementor-icon-list-item elementor-inline-item\">\n\t\t\t\t\t\t\t\t\t\t\t<a href=\"https:\/\/www.instagram.com\/radyoseymenresmi\/\" target=\"_blank\">\n\n\t\t\t\t\t\t\t\t\t\t\t\t<span class=\"elementor-icon-list-icon\">\n\t\t\t\t\t\t\t<i aria-hidden=\"true\" class=\"fab fa-instagram\"><\/i>\t\t\t\t\t\t<\/span>\n\t\t\t\t\t\t\t\t\t\t<span class=\"elementor-icon-list-text\"><\/span>\n\t\t\t\t\t\t\t\t\t\t\t<\/a>\n\t\t\t\t\t\t\t\t\t<\/li>\n\t\t\t\t\t\t\t\t<li class=\"elementor-icon-list-item elementor-inline-item\">\n\t\t\t\t\t\t\t\t\t\t\t<a href=\"https:\/\/www.facebook.com\/radyoseymenresmi\/\" target=\"_blank\">\n\n\t\t\t\t\t\t\t\t\t\t\t\t<span class=\"elementor-icon-list-icon\">\n\t\t\t\t\t\t\t<i aria-hidden=\"true\" class=\"fab fa-facebook-f\"><\/i>\t\t\t\t\t\t<\/span>\n\t\t\t\t\t\t\t\t\t\t<span class=\"elementor-icon-list-text\"><\/span>\n\t\t\t\t\t\t\t\t\t\t\t<\/a>\n\t\t\t\t\t\t\t\t\t<\/li>\n\t\t\t\t\t\t<\/ul>\n\t\t\t\t\t\t<\/div>\n\t\t\t\t<\/div>\n\t\t\t\t<div class=\"elementor-element elementor-element-fd3f4cf elementor-widget__width-auto elementor-widget-tablet__width-inherit elementor-widget elementor-widget-text-editor\" data-id=\"fd3f4cf\" data-element_type=\"widget\" data-e-type=\"widget\" data-widget_type=\"text-editor.default\">\n\t\t\t\t<div class=\"elementor-widget-container\">\n\t\t\t\t\t\t\t\t\t<p>Sosyal medyada bizi takip edin<\/p>\t\t\t\t\t\t\t\t<\/div>\n\t\t\t\t<\/div>\n\t\t\t\t\t<\/div>\n\t\t<\/div>\n\t\t\t\t\t<\/div>\n\t\t<\/section>\n\t\t<div class=\"elementor-element elementor-element-2ac3bbe e-flex e-con-boxed e-con e-parent\" data-id=\"2ac3bbe\" data-element_type=\"container\" data-e-type=\"container\" data-settings=\"{&quot;position&quot;:&quot;fixed&quot;}\">\n\t\t\t\t\t<div class=\"e-con-inner\">\n\t\t\t\t<div class=\"elementor-element elementor-element-deb7a89 elementor-fixed elementor-widget elementor-widget-elementskit-back-to-top\" data-id=\"deb7a89\" data-element_type=\"widget\" data-e-type=\"widget\" data-settings=\"{&quot;_position&quot;:&quot;fixed&quot;}\" data-widget_type=\"elementskit-back-to-top.default\">\n\t\t\t\t<div class=\"elementor-widget-container\">\n\t\t\t\t\t<div class=\"ekit-wid-con\" >\t\t\t<div class=\"ekit-back-to-top-container ekit-btt progress_indicator\" data-settings=\"{&quot;offset_top&quot;:0,&quot;show_after&quot;:400,&quot;show_scroll&quot;:&quot;yes&quot;,&quot;style&quot;:&quot;progress_indicator&quot;,&quot;foreground&quot;:&quot;#FF5050&quot;,&quot;background&quot;:&quot;#eee&quot;}\"> \n\t\t\t\t<span class=\"ekit-btt__button yes\">\n\t\t\t\t\t\t\t\t\t\t\t\t<div class=\"progress_indicator\" >\n\t\t\t\t\t\t\t\t<canvas id=\"canvas-deb7a89\" class=\"canvas\" data-canvas=\"deb7a89\"><\/canvas>\n\t\t\t\t\t\t\t\t<span><i aria-hidden=\"true\" class=\"icon icon-up-arrow1\"><\/i><\/span>\n\t\t\t\t\t\t\t<\/div>\n\t\t\t\t\t\t\t\t\t\t\t<\/span>\n\t\t\t<\/div>\n\t\t<\/div>\t\t\t\t<\/div>\n\t\t\t\t<\/div>\n\t\t\t\t\t<\/div>\n\t\t\t\t<\/div>\n\t\t<div class=\"elementor-element elementor-element-1e7f279 e-con-full e-flex e-con e-parent\" data-id=\"1e7f279\" data-element_type=\"container\" data-e-type=\"container\" data-settings=\"{&quot;position&quot;:&quot;fixed&quot;}\">\n\t\t\t\t<\/div>\n\t\t\t\t<\/div>\n\t\t","protected":false},"excerpt":{"rendered":"<p>T\u00fcrkiye&#8217;yi oynatan radyo frekans\u0131! T\u00fcrkiye&#8217;yi oynatan radyo frekans\u0131! Radyo Seymen ile Ankara havalar\u0131n\u0131n co\u015fkusunu her yere ta\u015f\u0131yoruz. 2010&#8217;dan beri, ritmin ve e\u011flencenin tek adresi. CANLI D\u0130NLE Frekanslar\u0131 g\u00f6r\u00fcnt\u00fcle Sosyal medyada bizi takip edin<\/p>\n","protected":false},"author":1,"featured_media":0,"parent":0,"menu_order":0,"comment_status":"closed","ping_status":"closed","template":"","meta":{"footnotes":""},"class_list":["post-21","page","type-page","status-publish","hentry"],"yoast_head":"<!-- This site is optimized with the Yoast SEO plugin v27.5 - https:\/\/yoast.com\/product\/yoast-seo-wordpress\/ -->\n<title>Anasayfa &#8211; Radyo Seymen<\/title>\n<meta name=\"robots\" content=\"index, follow, max-snippet:-1, max-image-preview:large, max-video-preview:-1\" \/>\n<link rel=\"canonical\" href=\"https:\/\/radyoseymen.com.tr\/\" \/>\n<meta property=\"og:locale\" content=\"tr_TR\" \/>\n<meta property=\"og:type\" content=\"article\" \/>\n<meta property=\"og:title\" content=\"Anasayfa &#8211; Radyo Seymen\" \/>\n<meta property=\"og:description\" content=\"T\u00fcrkiye&#8217;yi oynatan radyo frekans\u0131! T\u00fcrkiye&#8217;yi oynatan radyo frekans\u0131! Radyo Seymen ile Ankara havalar\u0131n\u0131n co\u015fkusunu her yere ta\u015f\u0131yoruz. 2010&#8217;dan beri, ritmin ve e\u011flencenin tek adresi. CANLI D\u0130NLE Frekanslar\u0131 g\u00f6r\u00fcnt\u00fcle Sosyal medyada bizi takip edin\" \/>\n<meta property=\"og:url\" content=\"https:\/\/radyoseymen.com.tr\/\" \/>\n<meta property=\"og:site_name\" content=\"Radyo Seymen\" \/>\n<meta property=\"article:publisher\" content=\"https:\/\/www.facebook.com\/radyoseymenresmi\/\" \/>\n<meta property=\"article:modified_time\" content=\"2025-04-23T09:29:09+00:00\" \/>\n<meta property=\"og:image\" content=\"https:\/\/radyoseymen.com.tr\/wp-content\/uploads\/2024\/01\/Radyo-Seymen-Dewart-AI1.png\" \/>\n\t<meta property=\"og:image:width\" content=\"1216\" \/>\n\t<meta property=\"og:image:height\" content=\"1115\" \/>\n\t<meta property=\"og:image:type\" content=\"image\/png\" \/>\n<meta name=\"twitter:card\" content=\"summary_large_image\" \/>\n<meta name=\"twitter:label1\" content=\"Tahmini okuma s\u00fcresi\" \/>\n\t<meta name=\"twitter:data1\" content=\"2 dakika\" \/>\n<script type=\"application\/ld+json\" class=\"yoast-schema-graph\">{\"@context\":\"https:\\\/\\\/schema.org\",\"@graph\":[{\"@type\":\"WebPage\",\"@id\":\"https:\\\/\\\/radyoseymen.com.tr\\\/\",\"url\":\"https:\\\/\\\/radyoseymen.com.tr\\\/\",\"name\":\"Anasayfa &#8211; Radyo Seymen\",\"isPartOf\":{\"@id\":\"https:\\\/\\\/radyoseymen.com.tr\\\/#website\"},\"primaryImageOfPage\":{\"@id\":\"https:\\\/\\\/radyoseymen.com.tr\\\/#primaryimage\"},\"image\":{\"@id\":\"https:\\\/\\\/radyoseymen.com.tr\\\/#primaryimage\"},\"thumbnailUrl\":\"https:\\\/\\\/radyoseymen.com.tr\\\/wp-content\\\/uploads\\\/2024\\\/01\\\/Radyo-Seymen-Dewart-AI1-1024x939.png\",\"datePublished\":\"2023-05-05T12:20:26+00:00\",\"dateModified\":\"2025-04-23T09:29:09+00:00\",\"breadcrumb\":{\"@id\":\"https:\\\/\\\/radyoseymen.com.tr\\\/#breadcrumb\"},\"inLanguage\":\"tr\",\"potentialAction\":[{\"@type\":\"ReadAction\",\"target\":[\"https:\\\/\\\/radyoseymen.com.tr\\\/\"]}]},{\"@type\":\"ImageObject\",\"inLanguage\":\"tr\",\"@id\":\"https:\\\/\\\/radyoseymen.com.tr\\\/#primaryimage\",\"url\":\"https:\\\/\\\/radyoseymen.com.tr\\\/wp-content\\\/uploads\\\/2024\\\/01\\\/Radyo-Seymen-Dewart-AI1.png\",\"contentUrl\":\"https:\\\/\\\/radyoseymen.com.tr\\\/wp-content\\\/uploads\\\/2024\\\/01\\\/Radyo-Seymen-Dewart-AI1.png\",\"width\":1216,\"height\":1115,\"caption\":\"Radyo Seymen - Dewart AI(1)\"},{\"@type\":\"BreadcrumbList\",\"@id\":\"https:\\\/\\\/radyoseymen.com.tr\\\/#breadcrumb\",\"itemListElement\":[{\"@type\":\"ListItem\",\"position\":1,\"name\":\"Anasayfa\",\"item\":\"https:\\\/\\\/radyoseymen.com.tr\\\/\"},{\"@type\":\"ListItem\",\"position\":2,\"name\":\"Anasayfa\"}]},{\"@type\":\"WebSite\",\"@id\":\"https:\\\/\\\/radyoseymen.com.tr\\\/#website\",\"url\":\"https:\\\/\\\/radyoseymen.com.tr\\\/\",\"name\":\"Radyo Seymen\",\"description\":\"T\u00fcrkiye&#039;yi Oynatan Radyo\",\"publisher\":{\"@id\":\"https:\\\/\\\/radyoseymen.com.tr\\\/#organization\"},\"potentialAction\":[{\"@type\":\"SearchAction\",\"target\":{\"@type\":\"EntryPoint\",\"urlTemplate\":\"https:\\\/\\\/radyoseymen.com.tr\\\/?s={search_term_string}\"},\"query-input\":{\"@type\":\"PropertyValueSpecification\",\"valueRequired\":true,\"valueName\":\"search_term_string\"}}],\"inLanguage\":\"tr\"},{\"@type\":\"Organization\",\"@id\":\"https:\\\/\\\/radyoseymen.com.tr\\\/#organization\",\"name\":\"Radyo Seymen\",\"url\":\"https:\\\/\\\/radyoseymen.com.tr\\\/\",\"logo\":{\"@type\":\"ImageObject\",\"inLanguage\":\"tr\",\"@id\":\"https:\\\/\\\/radyoseymen.com.tr\\\/#\\\/schema\\\/logo\\\/image\\\/\",\"url\":\"https:\\\/\\\/radyoseymen.com.tr\\\/wp-content\\\/uploads\\\/2023\\\/04\\\/radyo-seymen-logo1.png\",\"contentUrl\":\"https:\\\/\\\/radyoseymen.com.tr\\\/wp-content\\\/uploads\\\/2023\\\/04\\\/radyo-seymen-logo1.png\",\"width\":800,\"height\":386,\"caption\":\"Radyo Seymen\"},\"image\":{\"@id\":\"https:\\\/\\\/radyoseymen.com.tr\\\/#\\\/schema\\\/logo\\\/image\\\/\"},\"sameAs\":[\"https:\\\/\\\/www.facebook.com\\\/radyoseymenresmi\\\/\",\"https:\\\/\\\/www.instagram.com\\\/radyoseymenresmi\"]}]}<\/script>\n<!-- \/ Yoast SEO plugin. -->","yoast_head_json":{"title":"Anasayfa &#8211; Radyo Seymen","robots":{"index":"index","follow":"follow","max-snippet":"max-snippet:-1","max-image-preview":"max-image-preview:large","max-video-preview":"max-video-preview:-1"},"canonical":"https:\/\/radyoseymen.com.tr\/","og_locale":"tr_TR","og_type":"article","og_title":"Anasayfa &#8211; Radyo Seymen","og_description":"T\u00fcrkiye&#8217;yi oynatan radyo frekans\u0131! T\u00fcrkiye&#8217;yi oynatan radyo frekans\u0131! Radyo Seymen ile Ankara havalar\u0131n\u0131n co\u015fkusunu her yere ta\u015f\u0131yoruz. 2010&#8217;dan beri, ritmin ve e\u011flencenin tek adresi. CANLI D\u0130NLE Frekanslar\u0131 g\u00f6r\u00fcnt\u00fcle Sosyal medyada bizi takip edin","og_url":"https:\/\/radyoseymen.com.tr\/","og_site_name":"Radyo Seymen","article_publisher":"https:\/\/www.facebook.com\/radyoseymenresmi\/","article_modified_time":"2025-04-23T09:29:09+00:00","og_image":[{"width":1216,"height":1115,"url":"https:\/\/radyoseymen.com.tr\/wp-content\/uploads\/2024\/01\/Radyo-Seymen-Dewart-AI1.png","type":"image\/png"}],"twitter_card":"summary_large_image","twitter_misc":{"Tahmini okuma s\u00fcresi":"2 dakika"},"schema":{"@context":"https:\/\/schema.org","@graph":[{"@type":"WebPage","@id":"https:\/\/radyoseymen.com.tr\/","url":"https:\/\/radyoseymen.com.tr\/","name":"Anasayfa &#8211; Radyo Seymen","isPartOf":{"@id":"https:\/\/radyoseymen.com.tr\/#website"},"primaryImageOfPage":{"@id":"https:\/\/radyoseymen.com.tr\/#primaryimage"},"image":{"@id":"https:\/\/radyoseymen.com.tr\/#primaryimage"},"thumbnailUrl":"https:\/\/radyoseymen.com.tr\/wp-content\/uploads\/2024\/01\/Radyo-Seymen-Dewart-AI1-1024x939.png","datePublished":"2023-05-05T12:20:26+00:00","dateModified":"2025-04-23T09:29:09+00:00","breadcrumb":{"@id":"https:\/\/radyoseymen.com.tr\/#breadcrumb"},"inLanguage":"tr","potentialAction":[{"@type":"ReadAction","target":["https:\/\/radyoseymen.com.tr\/"]}]},{"@type":"ImageObject","inLanguage":"tr","@id":"https:\/\/radyoseymen.com.tr\/#primaryimage","url":"https:\/\/radyoseymen.com.tr\/wp-content\/uploads\/2024\/01\/Radyo-Seymen-Dewart-AI1.png","contentUrl":"https:\/\/radyoseymen.com.tr\/wp-content\/uploads\/2024\/01\/Radyo-Seymen-Dewart-AI1.png","width":1216,"height":1115,"caption":"Radyo Seymen - Dewart AI(1)"},{"@type":"BreadcrumbList","@id":"https:\/\/radyoseymen.com.tr\/#breadcrumb","itemListElement":[{"@type":"ListItem","position":1,"name":"Anasayfa","item":"https:\/\/radyoseymen.com.tr\/"},{"@type":"ListItem","position":2,"name":"Anasayfa"}]},{"@type":"WebSite","@id":"https:\/\/radyoseymen.com.tr\/#website","url":"https:\/\/radyoseymen.com.tr\/","name":"Radyo Seymen","description":"T\u00fcrkiye&#039;yi Oynatan Radyo","publisher":{"@id":"https:\/\/radyoseymen.com.tr\/#organization"},"potentialAction":[{"@type":"SearchAction","target":{"@type":"EntryPoint","urlTemplate":"https:\/\/radyoseymen.com.tr\/?s={search_term_string}"},"query-input":{"@type":"PropertyValueSpecification","valueRequired":true,"valueName":"search_term_string"}}],"inLanguage":"tr"},{"@type":"Organization","@id":"https:\/\/radyoseymen.com.tr\/#organization","name":"Radyo Seymen","url":"https:\/\/radyoseymen.com.tr\/","logo":{"@type":"ImageObject","inLanguage":"tr","@id":"https:\/\/radyoseymen.com.tr\/#\/schema\/logo\/image\/","url":"https:\/\/radyoseymen.com.tr\/wp-content\/uploads\/2023\/04\/radyo-seymen-logo1.png","contentUrl":"https:\/\/radyoseymen.com.tr\/wp-content\/uploads\/2023\/04\/radyo-seymen-logo1.png","width":800,"height":386,"caption":"Radyo Seymen"},"image":{"@id":"https:\/\/radyoseymen.com.tr\/#\/schema\/logo\/image\/"},"sameAs":["https:\/\/www.facebook.com\/radyoseymenresmi\/","https:\/\/www.instagram.com\/radyoseymenresmi"]}]}},"_links":{"self":[{"href":"https:\/\/radyoseymen.com.tr\/index.php\/wp-json\/wp\/v2\/pages\/21","targetHints":{"allow":["GET"]}}],"collection":[{"href":"https:\/\/radyoseymen.com.tr\/index.php\/wp-json\/wp\/v2\/pages"}],"about":[{"href":"https:\/\/radyoseymen.com.tr\/index.php\/wp-json\/wp\/v2\/types\/page"}],"author":[{"embeddable":true,"href":"https:\/\/radyoseymen.com.tr\/index.php\/wp-json\/wp\/v2\/users\/1"}],"replies":[{"embeddable":true,"href":"https:\/\/radyoseymen.com.tr\/index.php\/wp-json\/wp\/v2\/comments?post=21"}],"version-history":[{"count":1153,"href":"https:\/\/radyoseymen.com.tr\/index.php\/wp-json\/wp\/v2\/pages\/21\/revisions"}],"predecessor-version":[{"id":989702,"href":"https:\/\/radyoseymen.com.tr\/index.php\/wp-json\/wp\/v2\/pages\/21\/revisions\/989702"}],"wp:attachment":[{"href":"https:\/\/radyoseymen.com.tr\/index.php\/wp-json\/wp\/v2\/media?parent=21"}],"curies":[{"name":"wp","href":"https:\/\/api.w.org\/{rel}","templated":true}]}}